{"id":935,"date":"2021-05-03T08:38:42","date_gmt":"2021-05-03T08:38:42","guid":{"rendered":"http:\/\/sienacamping.com\/la-vie-francigena\/"},"modified":"2021-05-03T08:38:43","modified_gmt":"2021-05-03T08:38:43","slug":"la-vie-francigena","status":"publish","type":"page","link":"https:\/\/sienacamping.com\/fr\/la-vie-francigena\/","title":{"rendered":"La Vie Francigena"},"content":{"rendered":"<section class=\"l-section wpb_row height_auto\"><div class=\"l-section-h i-cf\"><div class=\"g-cols vc_row type_default valign_top\"><div class=\"vc_col-sm-12 wpb_column vc_column_container\"><div class=\"vc_column-inner\"><div class=\"wpb_wrapper\"><div class=\"ult-spacer spacer-69e6532f6a439\" data-id=\"69e6532f6a439\" data-height=\"50\" data-height-mobile=\"50\" data-height-tab=\"50\" data-height-tab-portrait=\"\" data-height-mobile-landscape=\"\" style=\"clear:both;display:block;\"><\/div><div class=\"wpb_text_column\" ><div class=\"wpb_wrapper\"><h2 class=\"com-typo__lead-title mod-internal-heading__title\">La Vie Francigena<\/h2>\n<\/div><\/div><div class=\"g-cols wpb_row  type_default valign_top vc_inner\"><div class=\"vc_col-sm-3 wpb_column vc_column_container\"><div class=\"vc_column-inner\"><div class=\"wpb_wrapper\"><div class=\"w-hwrapper us_custom_0db20381 align_left valign_top\"><div class=\"ult-spacer spacer-69e6532f6abe4\" data-id=\"69e6532f6abe4\" data-height=\"5\" data-height-mobile=\"5\" data-height-tab=\"5\" data-height-tab-portrait=\"\" data-height-mobile-landscape=\"\" style=\"clear:both;display:block;\"><\/div><\/div><\/div><\/div><\/div><div class=\"vc_col-sm-3 wpb_column vc_column_container\"><div class=\"vc_column-inner\"><div class=\"wpb_wrapper\"><\/div><\/div><\/div><div class=\"vc_col-sm-3 wpb_column vc_column_container\"><div class=\"vc_column-inner\"><div class=\"wpb_wrapper\"><\/div><\/div><\/div><div class=\"vc_col-sm-3 wpb_column vc_column_container\"><div class=\"vc_column-inner\"><div class=\"wpb_wrapper\"><\/div><\/div><\/div><\/div><div class=\"ult-spacer spacer-69e6532f6ad0e\" data-id=\"69e6532f6ad0e\" data-height=\"40\" data-height-mobile=\"40\" data-height-tab=\"40\" data-height-tab-portrait=\"\" data-height-mobile-landscape=\"\" style=\"clear:both;display:block;\"><\/div><\/div><\/div><\/div><\/div><\/div><\/section><!-- Row Backgrounds --><div class=\"upb_color\" data-bg-override=\"0\" data-bg-color=\"#e8e8e8\" data-fadeout=\"\" data-fadeout-percentage=\"30\" data-parallax-content=\"\" data-parallax-content-sense=\"30\" data-row-effect-mobile-disable=\"true\" data-img-parallax-mobile-disable=\"true\" data-rtl=\"false\"  data-custom-vc-row=\"\"  data-vc=\"6.6.0\"  data-is_old_vc=\"\"  data-theme-support=\"\"   data-overlay=\"false\" data-overlay-color=\"\" data-overlay-pattern=\"\" data-overlay-pattern-opacity=\"\" data-overlay-pattern-size=\"\"    ><\/div><section class=\"l-section wpb_row height_medium\"><div class=\"l-section-h i-cf\"><div class=\"g-cols vc_row type_default valign_top\"><div class=\"vc_col-sm-6 wpb_column vc_column_container\"><div class=\"vc_column-inner\"><div class=\"wpb_wrapper\"><div class=\"wpb_text_column\" ><div class=\"wpb_wrapper\"><p class=\"com-typo__subtitle com-typo__subtitle--little\">La <strong>Route Francigena<\/strong> est l&rsquo;ancien chemin de p\u00e8legrinage qui m\u00e8ne de Canterbury \u00e0 Rome. L&rsquo;histoire raconte qu&rsquo;il \u00e9tait Sigerico, archev\u00eaque de Canterbury, en aillent \u00e0 Rome pour la visite au Pape Jean XV, \u00e0 marquer le d\u00e9but du chemin, connu sous le nom de Route Francigena, entra\u00eenant la naissance de l&rsquo;une des routes de p\u00e8lerinage les plus importants de Canterbury \u00e0 Rome et l&rsquo;une des routes les plus importantes dans le Moyen Age europ\u00e9en.<br \/>\nOn sait qu&rsquo;il existait essentiellement trois p\u00f4les d&rsquo;attraction pour cette humanit\u00e9 en marche: Rome, lieu du martyre des Saints Ap\u00f4tres Pierre et Paul, fondateurs de la communaut\u00e9 eccl\u00e9siale chr\u00e9tienne; la Terre Sainte, patrie du Golgotha o\u00f9 l&rsquo;on allait retrouver les lieux de la passion du Christ; Saint-Jacques-de-Compostelle, pointe extr\u00eame de l&rsquo;Europe Occidentale o\u00f9 l&rsquo;ap\u00f4tre Saint Jacques avait choisi de reposer en paix. Ainsi l&rsquo;Europe se transforma-t-elle en un grand r\u00e9seau de routes, de sentiers et de voies directrices, convergeant tous vers les lieux de p\u00e8lerinage.<br \/>\nLa voie Francigena traverse les Alpes dans la Vall\u00e9e d&rsquo;Aoste et descend dans la Plaine du P\u00f4 par le Pi\u00e9mont et la Lombardie, franchit l&rsquo;Apennin en direction de Berceto et se dirige vers Rome \u00e0 travers la Toscane et le Latium.<\/p>\n<p><strong>Monteriggioni &#8211; Siena<\/strong><br \/>\nCampo<br \/>\nDur\u00e9e totale du trajet: 4h 30&prime;<br \/>\nDistance couverte (Km): 20,5<br \/>\nDifficult\u00e9: Media<\/p>\n<p><strong>Classement<\/strong><br \/>\nP\u00e9riode conseill\u00e9e: Printemps, \u00e9t\u00e9<br \/>\nMoyen utilis\u00e9s: A pied, v\u00e9lo<\/p>\n<p><strong>Sp\u00e9cifit\u00e9s<\/strong><br \/>\nParties asphalt\u00e9es (%): 42<br \/>\nChemin de terre (%): 33<br \/>\nChemin de muletier et sentier (%): 25<br \/>\nD\u00e9nivel\u00e9 en mont\u00e9e (m): 330<br \/>\nD\u00e9nivel\u00e9 en descente (m): 282<br \/>\nQuote maximum (m): 354<\/p>\n<p><strong>Siena &#8211; Ponte D&rsquo;Arbia<\/strong><br \/>\nPoint de d\u00e9part: Siena, Piazza del Campo<br \/>\nArriv\u00e9e: Ponte D&rsquo;Arbia, Centro Cresti<br \/>\nDur\u00e9e totale du trajet: 6h 20&prime;<br \/>\nDistance couverte (Km): 28,5<br \/>\nDifficult\u00e9: Media<\/p>\n<p><strong>Classement<\/strong><br \/>\nP\u00e9riode conseill\u00e9e: Printemps, \u00e9t\u00e9, automne<br \/>\nMoyen utilis\u00e9s: A pied, v\u00e9lo<\/p>\n<p><strong>Sp\u00e9cifit\u00e9s<\/strong><br \/>\nParties asphalt\u00e9es (%): 30<br \/>\nChemin de terre (%): 69<br \/>\nChemin de muletier et sentier (%): 1<br \/>\nD\u00e9nivel\u00e9 en mont\u00e9e (m): 234<br \/>\nD\u00e9nivel\u00e9 en descente (m): 408<br \/>\nQuote maximum (m): 318<\/p>\n<p>Notes sur le parcours: Mise au point de d\u00e9part: les lignes ferroviaires et Empoli-Sienne-Grosseto-Siena Chiusi, de la gare de Sienne.<\/p>\n<p>Cyclisme: 100%<br \/>\nSi vous avez voyag\u00e9 sur une belle journ\u00e9e ensoleill\u00e9e, cette \u00e9tape peut devenir gr\u00e2ce inoubliable aux paysages sans limite qui peut \u00eatre appr\u00e9ci\u00e9 \u00e0 partir des ar\u00eates de la Val d&rsquo;Arbia, qui sont des chemins le long des chemins de terre sans fin. Derri\u00e8re nous, nous pouvons voir le profil de Sienne, nich\u00e9 dans les collines \u00e0 l&rsquo;horizon. La Grange de Cuna, un grenier fortifi\u00e9, est l&rsquo;attraction principale de ce tube historique. Pour trouver un point de repos doit s&rsquo;\u00e9carter de l&rsquo;Arbia Isle d&rsquo;, tandis que l&rsquo;eau (tr\u00e8s peu) peuvent \u00e9galement \u00eatre trouv\u00e9s \u00e0 la Grange de Cuna<\/p>\n<\/div><\/div><\/div><\/div><\/div><div class=\"vc_col-sm-6 wpb_column vc_column_container\"><div class=\"vc_column-inner\"><div class=\"wpb_wrapper\"><div class=\"w-slider style_none fit_scaledown\"><div class=\"w-slider-h\"><div class=\"royalSlider\"><div class=\"rsContent\"><a class=\"rsImg\" data-rsw=\"1024\" data-rsh=\"576\" href=\"https:\/\/sienacamping.com\/wp-content\/uploads\/2021\/04\/siena-camping-media-panoramiche9-1024x576.jpeg\"><span data-alt=\"\"><\/span><\/a><\/div><div class=\"rsContent\"><a class=\"rsImg\" data-rsw=\"1024\" data-rsh=\"576\" href=\"https:\/\/sienacamping.com\/wp-content\/uploads\/2021\/04\/siena-camping-media-panoramiche8-1024x576.jpeg\"><span data-alt=\"\"><\/span><\/a><\/div><div class=\"rsContent\"><a class=\"rsImg\" data-rsw=\"1024\" data-rsh=\"576\" href=\"https:\/\/sienacamping.com\/wp-content\/uploads\/2021\/04\/siena-camping-media-panoramiche7-1024x576.jpeg\"><span data-alt=\"\"><\/span><\/a><\/div><div class=\"rsContent\"><a class=\"rsImg\" data-rsw=\"1024\" data-rsh=\"576\" href=\"https:\/\/sienacamping.com\/wp-content\/uploads\/2021\/04\/siena-camping-media-panoramiche6-1024x576.jpeg\"><span data-alt=\"\"><\/span><\/a><\/div><div class=\"rsContent\"><a class=\"rsImg\" data-rsw=\"1024\" data-rsh=\"576\" href=\"https:\/\/sienacamping.com\/wp-content\/uploads\/2021\/04\/siena-camping-media-panoramiche3-1024x576.jpeg\"><span data-alt=\"\"><\/span><\/a><\/div><div class=\"rsContent\"><a class=\"rsImg\" data-rsw=\"1024\" data-rsh=\"576\" href=\"https:\/\/sienacamping.com\/wp-content\/uploads\/2021\/04\/siena-camping-media-panoramiche12-1024x576.jpeg\"><span data-alt=\"\"><\/span><\/a><\/div><div class=\"rsContent\"><a class=\"rsImg\" data-rsw=\"1024\" data-rsh=\"576\" href=\"https:\/\/sienacamping.com\/wp-content\/uploads\/2021\/04\/siena-camping-media-dintorni14-1024x576.jpeg\"><span data-alt=\"\"><\/span><\/a><\/div><div class=\"rsContent\"><a class=\"rsImg\" data-rsw=\"1024\" data-rsh=\"576\" href=\"https:\/\/sienacamping.com\/wp-content\/uploads\/2021\/04\/siena-camping-media-dintorni10-1024x576.jpeg\"><span data-alt=\"\"><\/span><\/a><\/div><div class=\"rsContent\"><a class=\"rsImg\" data-rsw=\"1024\" data-rsh=\"576\" href=\"https:\/\/sienacamping.com\/wp-content\/uploads\/2021\/04\/siena-camping-media-panoramiche2-1024x576.jpeg\"><span data-alt=\"\"><\/span><\/a><\/div><div class=\"rsContent\"><a class=\"rsImg\" data-rsw=\"1024\" data-rsh=\"576\" href=\"https:\/\/sienacamping.com\/wp-content\/uploads\/2021\/04\/siena-camping-media-panoramiche1-1024x576.jpeg\"><span data-alt=\"\"><\/span><\/a><\/div><\/div><img src=\"https:\/\/sienacamping.com\/wp-content\/uploads\/2021\/04\/siena-camping-media-panoramiche9-1024x576.jpeg\" width=\"1024\" height=\"576\" alt loading=\"lazy\"><\/div><div class=\"w-slider-json\" onclick='return {&quot;loop&quot;:true,&quot;fadeInLoadedSlide&quot;:false,&quot;slidesSpacing&quot;:0,&quot;imageScalePadding&quot;:0,&quot;numImagesToPreload&quot;:2,&quot;arrowsNav&quot;:true,&quot;arrowsNavAutoHide&quot;:false,&quot;transitionType&quot;:&quot;move&quot;,&quot;transitionSpeed&quot;:300,&quot;block&quot;:{&quot;moveEffect&quot;:&quot;none&quot;,&quot;speed&quot;:300},&quot;controlNavigation&quot;:&quot;none&quot;,&quot;imageScaleMode&quot;:&quot;fit-if-smaller&quot;,&quot;autoScaleSlider&quot;:true,&quot;autoScaleSliderWidth&quot;:1024,&quot;autoScaleSliderHeight&quot;:576,&quot;fitInViewport&quot;:false}'><\/div><\/div><\/div><\/div><\/div><\/div><\/div><\/section>\n","protected":false},"excerpt":{"rendered":"La Vie Francigena La Route Francigena est l&rsquo;ancien chemin de p\u00e8legrinage qui m\u00e8ne de Canterbury \u00e0 Rome. L&rsquo;histoire raconte qu&rsquo;il \u00e9tait Sigerico, archev\u00eaque de Canterbury, en aillent \u00e0 Rome pour la visite au Pape Jean XV, \u00e0 marquer le d\u00e9but du chemin, connu sous le nom de Route Francigena, entra\u00eenant la naissance de l&rsquo;une des...","protected":false},"author":1,"featured_media":0,"parent":0,"menu_order":0,"comment_status":"closed","ping_status":"closed","template":"","meta":[],"yoast_head":"<!-- This site is optimized with the Yoast SEO plugin v16.2 - https:\/\/yoast.com\/wordpress\/plugins\/seo\/ -->\n<title>La Vie Francigena - Siena Camping Colleverde, camping avec piscine, Village Toscane<\/title>\n<meta name=\"description\" content=\"Camping Colleverde de Sienne, Toscane. Situ\u00e9 dans le centre historique de Sienne id\u00e9ale pour dormir dans les environs de la Via Francigena. Reservez\" \/>\n<meta name=\"robots\" content=\"index, follow, max-snippet:-1, max-image-preview:large, max-video-preview:-1\" \/>\n<link rel=\"canonical\" href=\"https:\/\/sienacamping.com\/fr\/la-vie-francigena\/\" \/>\n<meta property=\"og:locale\" content=\"fr_FR\" \/>\n<meta property=\"og:type\" content=\"article\" \/>\n<meta property=\"og:title\" content=\"La Vie Francigena - Siena Camping Colleverde, camping avec piscine, Village Toscane\" \/>\n<meta property=\"og:description\" content=\"Camping Colleverde de Sienne, Toscane. Situ\u00e9 dans le centre historique de Sienne id\u00e9ale pour dormir dans les environs de la Via Francigena. Reservez\" \/>\n<meta property=\"og:url\" content=\"https:\/\/sienacamping.com\/fr\/la-vie-francigena\/\" \/>\n<meta property=\"og:site_name\" content=\"Siena Camping\" \/>\n<meta property=\"article:modified_time\" content=\"2021-05-03T08:38:43+00:00\" \/>\n<meta name=\"twitter:card\" content=\"summary_large_image\" \/>\n<meta name=\"twitter:label1\" content=\"Dur\u00e9e de lecture est.\">\n\t<meta name=\"twitter:data1\" content=\"3 minutes\">\n<script type=\"application\/ld+json\" class=\"yoast-schema-graph\">{\"@context\":\"https:\/\/schema.org\",\"@graph\":[{\"@type\":\"WebSite\",\"@id\":\"https:\/\/sienacamping.com\/#website\",\"url\":\"https:\/\/sienacamping.com\/\",\"name\":\"Siena Camping\",\"description\":\"\",\"potentialAction\":[{\"@type\":\"SearchAction\",\"target\":\"https:\/\/sienacamping.com\/?s={search_term_string}\",\"query-input\":\"required name=search_term_string\"}],\"inLanguage\":\"fr-FR\"},{\"@type\":\"WebPage\",\"@id\":\"https:\/\/sienacamping.com\/fr\/la-vie-francigena\/#webpage\",\"url\":\"https:\/\/sienacamping.com\/fr\/la-vie-francigena\/\",\"name\":\"La Vie Francigena - Siena Camping Colleverde, camping avec piscine, Village Toscane\",\"isPartOf\":{\"@id\":\"https:\/\/sienacamping.com\/#website\"},\"datePublished\":\"2021-05-03T08:38:42+00:00\",\"dateModified\":\"2021-05-03T08:38:43+00:00\",\"description\":\"Camping Colleverde de Sienne, Toscane. Situ\\u00e9 dans le centre historique de Sienne id\\u00e9ale pour dormir dans les environs de la Via Francigena. Reservez\",\"breadcrumb\":{\"@id\":\"https:\/\/sienacamping.com\/fr\/la-vie-francigena\/#breadcrumb\"},\"inLanguage\":\"fr-FR\",\"potentialAction\":[{\"@type\":\"ReadAction\",\"target\":[\"https:\/\/sienacamping.com\/fr\/la-vie-francigena\/\"]}]},{\"@type\":\"BreadcrumbList\",\"@id\":\"https:\/\/sienacamping.com\/fr\/la-vie-francigena\/#breadcrumb\",\"itemListElement\":[{\"@type\":\"ListItem\",\"position\":1,\"item\":{\"@type\":\"WebPage\",\"@id\":\"https:\/\/sienacamping.com\/fr\/\",\"url\":\"https:\/\/sienacamping.com\/fr\/\",\"name\":\"Home\"}},{\"@type\":\"ListItem\",\"position\":2,\"item\":{\"@id\":\"https:\/\/sienacamping.com\/fr\/la-vie-francigena\/#webpage\"}}]}]}<\/script>\n<!-- \/ Yoast SEO plugin. -->","_links":{"self":[{"href":"https:\/\/sienacamping.com\/fr\/wp-json\/wp\/v2\/pages\/935"}],"collection":[{"href":"https:\/\/sienacamping.com\/fr\/wp-json\/wp\/v2\/pages"}],"about":[{"href":"https:\/\/sienacamping.com\/fr\/wp-json\/wp\/v2\/types\/page"}],"author":[{"embeddable":true,"href":"https:\/\/sienacamping.com\/fr\/wp-json\/wp\/v2\/users\/1"}],"replies":[{"embeddable":true,"href":"https:\/\/sienacamping.com\/fr\/wp-json\/wp\/v2\/comments?post=935"}],"version-history":[{"count":2,"href":"https:\/\/sienacamping.com\/fr\/wp-json\/wp\/v2\/pages\/935\/revisions"}],"predecessor-version":[{"id":937,"href":"https:\/\/sienacamping.com\/fr\/wp-json\/wp\/v2\/pages\/935\/revisions\/937"}],"wp:attachment":[{"href":"https:\/\/sienacamping.com\/fr\/wp-json\/wp\/v2\/media?parent=935"}],"curies":[{"name":"wp","href":"https:\/\/api.w.org\/{rel}","templated":true}]}}