{"id":932,"date":"2021-05-03T08:26:25","date_gmt":"2021-05-03T08:26:25","guid":{"rendered":"http:\/\/sienacamping.com\/sienne\/"},"modified":"2021-05-03T08:26:25","modified_gmt":"2021-05-03T08:26:25","slug":"sienne","status":"publish","type":"page","link":"https:\/\/sienacamping.com\/fr\/sienne\/","title":{"rendered":"Sienne"},"content":{"rendered":"<section class=\"l-section wpb_row height_auto\"><div class=\"l-section-h i-cf\"><div class=\"g-cols vc_row type_default valign_top\"><div class=\"vc_col-sm-12 wpb_column vc_column_container\"><div class=\"vc_column-inner\"><div class=\"wpb_wrapper\"><div class=\"ult-spacer spacer-69df1cb6b6927\" data-id=\"69df1cb6b6927\" data-height=\"50\" data-height-mobile=\"50\" data-height-tab=\"50\" data-height-tab-portrait=\"\" data-height-mobile-landscape=\"\" style=\"clear:both;display:block;\"><\/div><div class=\"wpb_text_column\" ><div class=\"wpb_wrapper\"><h2 class=\"com-typo__lead-title mod-internal-heading__title\">La ville de Sienne<br \/>\n<\/h2>\n<\/div><\/div><div class=\"g-cols wpb_row  type_default valign_top vc_inner\"><div class=\"vc_col-sm-3 wpb_column vc_column_container\"><div class=\"vc_column-inner\"><div class=\"wpb_wrapper\"><div class=\"w-hwrapper us_custom_0db20381 align_left valign_top\"><div class=\"ult-spacer spacer-69df1cb6b71d4\" data-id=\"69df1cb6b71d4\" data-height=\"5\" data-height-mobile=\"5\" data-height-tab=\"5\" data-height-tab-portrait=\"\" data-height-mobile-landscape=\"\" style=\"clear:both;display:block;\"><\/div><\/div><\/div><\/div><\/div><div class=\"vc_col-sm-3 wpb_column vc_column_container\"><div class=\"vc_column-inner\"><div class=\"wpb_wrapper\"><\/div><\/div><\/div><div class=\"vc_col-sm-3 wpb_column vc_column_container\"><div class=\"vc_column-inner\"><div class=\"wpb_wrapper\"><\/div><\/div><\/div><div class=\"vc_col-sm-3 wpb_column vc_column_container\"><div class=\"vc_column-inner\"><div class=\"wpb_wrapper\"><\/div><\/div><\/div><\/div><div class=\"ult-spacer spacer-69df1cb6b7308\" data-id=\"69df1cb6b7308\" data-height=\"40\" data-height-mobile=\"40\" data-height-tab=\"40\" data-height-tab-portrait=\"\" data-height-mobile-landscape=\"\" style=\"clear:both;display:block;\"><\/div><\/div><\/div><\/div><\/div><\/div><\/section><!-- Row Backgrounds --><div class=\"upb_color\" data-bg-override=\"0\" data-bg-color=\"#e8e8e8\" data-fadeout=\"\" data-fadeout-percentage=\"30\" data-parallax-content=\"\" data-parallax-content-sense=\"30\" data-row-effect-mobile-disable=\"true\" data-img-parallax-mobile-disable=\"true\" data-rtl=\"false\"  data-custom-vc-row=\"\"  data-vc=\"6.6.0\"  data-is_old_vc=\"\"  data-theme-support=\"\"   data-overlay=\"false\" data-overlay-color=\"\" data-overlay-pattern=\"\" data-overlay-pattern-opacity=\"\" data-overlay-pattern-size=\"\"    ><\/div><section class=\"l-section wpb_row height_medium\"><div class=\"l-section-h i-cf\"><div class=\"g-cols vc_row type_default valign_top\"><div class=\"vc_col-sm-6 wpb_column vc_column_container\"><div class=\"vc_column-inner\"><div class=\"wpb_wrapper\"><div class=\"wpb_text_column\" ><div class=\"wpb_wrapper\"><h3 class=\"com-typo__subtitle com-typo__subtitle--little\">L&rsquo;art, l&rsquo;histoire et la culture \u00e0 \u00eatre d\u00e9couverte<\/h3>\n<div class=\"com-typo__text-block\">Le d\u00e9veloppement de la ville se d\u00e9roula surtout durant l&rsquo;\u00e9poque m\u00e9di\u00e9vale, gr\u00e2ce a sa position strat\u00e9gique sur le principale axe routier de l&rsquo;\u00e9poque, la <strong>route Francigena<\/strong>, parcours obligatoire pour rejoindre Rome.<br \/>\nAujourd&rsquo;hui Sienne est le lieu id\u00e9al pour les amateurs du tourisme Culturel. Inscrit au <strong>patrimoine universelle de l&rsquo;Unesco<\/strong>, la ville pourra vous \u00eatre racont\u00e9e que par environ 70 guides professionnels.<br \/>\nEn se promenant dans ses rues, l&rsquo;on d\u00e9couvre une v\u00e9ritable r\u00e9serve d&rsquo;art et d&rsquo;artisanat. Des boutiques o\u00f9 tisseuses, c\u00e9ramistes, fabricants, maroquiniers, sculpteurs travaillent avec la passion et le savoir-faire d&rsquo;autre fois, utilisant des techniques transmises de g\u00e9n\u00e9rations en g\u00e9n\u00e9rations.<br \/>\nD\u00e9j\u00e0 au d\u00e9but du premier mill\u00e9naire les siennois avaient d\u00e9couvert les vertus de leurs collines, riches en cr\u00e9\u00e9 mat\u00e9riau adapt\u00e9 pour fa\u00e7onner figures et vaisselle. La terre cuite des artisans a offert a sienne les tonalit\u00e9s rouges et chaudes de ses b\u00e2timents et de ses places. Aujourd&rsquo;hui les vieux fours et restaurants continuent \u00e0 travailler ensemble afin de moderniser leurs activit\u00e9s en tenant compte de la tradition des objets en c\u00e9ramique comme les brocs, les vases, les luminaires, les cendriers, les d\u00e9corations aux tons chauds et dor\u00e9s des collines siennoises \u00e9galement peintes avec les couleurs de la ville blanc et noir. Les <strong>Cloches de Sainte Lucie<\/strong> sont typiques porte bonheur en terre cuite peint \u00e0 la main portant les couleurs des contrades. Selon la tradition ils \u00e9taient achet\u00e9s au Pian dei Mantellini pour la Sainte Lucie et offerts aux enfants pour chasser les d\u00e9mons de l&rsquo;hiver.<br \/>\nDans les ruelles de la ville nous pouvons d\u00e9couvrir les laboratoires textiles ou la laine color\u00e9e gr\u00e2ce aux teintures naturelle est travaill\u00e9e au fusain comme cinquante ans auparavant \u00e9galement l&rsquo;atelier du forgeron ou on travaille le fer avec des techniques et des instruments antique et les boutiques d&rsquo;arts o\u00f9 travaillent des artisans capable de reproduire des toiles c\u00e9l\u00e8bres d&rsquo;artistes siennois qui ont v\u00e9cu entre 1200 et 1500 avec des techniques originales.\n<\/div>\n<\/div><\/div><\/div><\/div><\/div><div class=\"vc_col-sm-6 wpb_column vc_column_container\"><div class=\"vc_column-inner\"><div class=\"wpb_wrapper\"><div class=\"w-slider style_none fit_scaledown\"><div class=\"w-slider-h\"><div class=\"royalSlider\"><div class=\"rsContent\"><a class=\"rsImg\" data-rsw=\"1024\" data-rsh=\"576\" href=\"https:\/\/sienacamping.com\/wp-content\/uploads\/2021\/04\/siena-camping-media-dintorni25-1024x576.jpeg\"><span data-alt=\"\"><\/span><\/a><\/div><div class=\"rsContent\"><a class=\"rsImg\" data-rsw=\"1024\" data-rsh=\"576\" href=\"https:\/\/sienacamping.com\/wp-content\/uploads\/2021\/04\/siena-camping-media-dintorni16-1024x576.jpeg\"><span data-alt=\"\"><\/span><\/a><\/div><div class=\"rsContent\"><a class=\"rsImg\" data-rsw=\"1024\" data-rsh=\"576\" href=\"https:\/\/sienacamping.com\/wp-content\/uploads\/2021\/04\/siena-camping-media-dintorni17-1024x576.jpeg\"><span data-alt=\"\"><\/span><\/a><\/div><div class=\"rsContent\"><a class=\"rsImg\" data-rsw=\"1024\" data-rsh=\"576\" href=\"https:\/\/sienacamping.com\/wp-content\/uploads\/2021\/04\/siena-camping-media-dintorni24-1024x576.jpeg\"><span data-alt=\"\"><\/span><\/a><\/div><div class=\"rsContent\"><a class=\"rsImg\" data-rsw=\"1024\" data-rsh=\"576\" href=\"https:\/\/sienacamping.com\/wp-content\/uploads\/2021\/04\/siena-camping-media-dintorni12-1024x576.jpeg\"><span data-alt=\"\"><\/span><\/a><\/div><div class=\"rsContent\"><a class=\"rsImg\" data-rsw=\"1024\" data-rsh=\"576\" href=\"https:\/\/sienacamping.com\/wp-content\/uploads\/2021\/04\/siena-camping-media-dintorni14-1024x576.jpeg\"><span data-alt=\"\"><\/span><\/a><\/div><div class=\"rsContent\"><a class=\"rsImg\" data-rsw=\"1024\" data-rsh=\"576\" href=\"https:\/\/sienacamping.com\/wp-content\/uploads\/2021\/04\/siena-camping-media-dintorni6-1024x576.jpeg\"><span data-alt=\"\"><\/span><\/a><\/div><\/div><img src=\"https:\/\/sienacamping.com\/wp-content\/uploads\/2021\/04\/siena-camping-media-dintorni25-1024x576.jpeg\" width=\"1024\" height=\"576\" alt loading=\"lazy\"><\/div><div class=\"w-slider-json\" onclick='return {&quot;loop&quot;:true,&quot;fadeInLoadedSlide&quot;:false,&quot;slidesSpacing&quot;:0,&quot;imageScalePadding&quot;:0,&quot;numImagesToPreload&quot;:2,&quot;arrowsNav&quot;:true,&quot;arrowsNavAutoHide&quot;:false,&quot;transitionType&quot;:&quot;move&quot;,&quot;transitionSpeed&quot;:300,&quot;block&quot;:{&quot;moveEffect&quot;:&quot;none&quot;,&quot;speed&quot;:300},&quot;controlNavigation&quot;:&quot;none&quot;,&quot;imageScaleMode&quot;:&quot;fit-if-smaller&quot;,&quot;autoScaleSlider&quot;:true,&quot;autoScaleSliderWidth&quot;:1024,&quot;autoScaleSliderHeight&quot;:576,&quot;fitInViewport&quot;:false}'><\/div><\/div><\/div><\/div><\/div><\/div><\/div><\/section>\n","protected":false},"excerpt":{"rendered":"La ville de Sienne L&rsquo;art, l&rsquo;histoire et la culture \u00e0 \u00eatre d\u00e9couverte Le d\u00e9veloppement de la ville se d\u00e9roula surtout durant l&rsquo;\u00e9poque m\u00e9di\u00e9vale, gr\u00e2ce a sa position strat\u00e9gique sur le principale axe routier de l&rsquo;\u00e9poque, la route Francigena, parcours obligatoire pour rejoindre Rome. Aujourd&rsquo;hui Sienne est le lieu id\u00e9al pour les amateurs du tourisme Culturel....","protected":false},"author":1,"featured_media":0,"parent":0,"menu_order":0,"comment_status":"closed","ping_status":"closed","template":"","meta":[],"yoast_head":"<!-- This site is optimized with the Yoast SEO plugin v16.2 - https:\/\/yoast.com\/wordpress\/plugins\/seo\/ -->\n<title>Sienne - Siena Camping Colleverde, camping avec piscine, Village Toscane<\/title>\n<meta name=\"description\" content=\"Le Campeggio et Village \u00e0 Sienne, en Toscane, o\u00f9 passer des vacances de relax et culture. Camping dans la ville \u00e9trusque de Sienne. D\u00e9couvrez ce que voir.\" \/>\n<meta name=\"robots\" content=\"index, follow, max-snippet:-1, max-image-preview:large, max-video-preview:-1\" \/>\n<link rel=\"canonical\" href=\"https:\/\/sienacamping.com\/fr\/sienne\/\" \/>\n<meta property=\"og:locale\" content=\"fr_FR\" \/>\n<meta property=\"og:type\" content=\"article\" \/>\n<meta property=\"og:title\" content=\"Sienne - Siena Camping Colleverde, camping avec piscine, Village Toscane\" \/>\n<meta property=\"og:description\" content=\"Le Campeggio et Village \u00e0 Sienne, en Toscane, o\u00f9 passer des vacances de relax et culture. Camping dans la ville \u00e9trusque de Sienne. D\u00e9couvrez ce que voir.\" \/>\n<meta property=\"og:url\" content=\"https:\/\/sienacamping.com\/fr\/sienne\/\" \/>\n<meta property=\"og:site_name\" content=\"Siena Camping\" \/>\n<meta name=\"twitter:card\" content=\"summary_large_image\" \/>\n<meta name=\"twitter:label1\" content=\"Dur\u00e9e de lecture est.\">\n\t<meta name=\"twitter:data1\" content=\"2 minutes\">\n<script type=\"application\/ld+json\" class=\"yoast-schema-graph\">{\"@context\":\"https:\/\/schema.org\",\"@graph\":[{\"@type\":\"WebSite\",\"@id\":\"https:\/\/sienacamping.com\/#website\",\"url\":\"https:\/\/sienacamping.com\/\",\"name\":\"Siena Camping\",\"description\":\"\",\"potentialAction\":[{\"@type\":\"SearchAction\",\"target\":\"https:\/\/sienacamping.com\/?s={search_term_string}\",\"query-input\":\"required name=search_term_string\"}],\"inLanguage\":\"fr-FR\"},{\"@type\":\"WebPage\",\"@id\":\"https:\/\/sienacamping.com\/fr\/sienne\/#webpage\",\"url\":\"https:\/\/sienacamping.com\/fr\/sienne\/\",\"name\":\"Sienne - Siena Camping Colleverde, camping avec piscine, Village Toscane\",\"isPartOf\":{\"@id\":\"https:\/\/sienacamping.com\/#website\"},\"datePublished\":\"2021-05-03T08:26:25+00:00\",\"dateModified\":\"2021-05-03T08:26:25+00:00\",\"description\":\"Le Campeggio et Village \\u00e0 Sienne, en Toscane, o\\u00f9 passer des vacances de relax et culture. Camping dans la ville \\u00e9trusque de Sienne. D\\u00e9couvrez ce que voir.\",\"breadcrumb\":{\"@id\":\"https:\/\/sienacamping.com\/fr\/sienne\/#breadcrumb\"},\"inLanguage\":\"fr-FR\",\"potentialAction\":[{\"@type\":\"ReadAction\",\"target\":[\"https:\/\/sienacamping.com\/fr\/sienne\/\"]}]},{\"@type\":\"BreadcrumbList\",\"@id\":\"https:\/\/sienacamping.com\/fr\/sienne\/#breadcrumb\",\"itemListElement\":[{\"@type\":\"ListItem\",\"position\":1,\"item\":{\"@type\":\"WebPage\",\"@id\":\"https:\/\/sienacamping.com\/fr\/\",\"url\":\"https:\/\/sienacamping.com\/fr\/\",\"name\":\"Home\"}},{\"@type\":\"ListItem\",\"position\":2,\"item\":{\"@id\":\"https:\/\/sienacamping.com\/fr\/sienne\/#webpage\"}}]}]}<\/script>\n<!-- \/ Yoast SEO plugin. -->","_links":{"self":[{"href":"https:\/\/sienacamping.com\/fr\/wp-json\/wp\/v2\/pages\/932"}],"collection":[{"href":"https:\/\/sienacamping.com\/fr\/wp-json\/wp\/v2\/pages"}],"about":[{"href":"https:\/\/sienacamping.com\/fr\/wp-json\/wp\/v2\/types\/page"}],"author":[{"embeddable":true,"href":"https:\/\/sienacamping.com\/fr\/wp-json\/wp\/v2\/users\/1"}],"replies":[{"embeddable":true,"href":"https:\/\/sienacamping.com\/fr\/wp-json\/wp\/v2\/comments?post=932"}],"version-history":[{"count":2,"href":"https:\/\/sienacamping.com\/fr\/wp-json\/wp\/v2\/pages\/932\/revisions"}],"predecessor-version":[{"id":934,"href":"https:\/\/sienacamping.com\/fr\/wp-json\/wp\/v2\/pages\/932\/revisions\/934"}],"wp:attachment":[{"href":"https:\/\/sienacamping.com\/fr\/wp-json\/wp\/v2\/media?parent=932"}],"curies":[{"name":"wp","href":"https:\/\/api.w.org\/{rel}","templated":true}]}}