{"id":923,"date":"2021-05-03T07:49:03","date_gmt":"2021-05-03T07:49:03","guid":{"rendered":"http:\/\/sienacamping.com\/ou-sommes-nous\/"},"modified":"2021-05-03T07:49:03","modified_gmt":"2021-05-03T07:49:03","slug":"ou-sommes-nous","status":"publish","type":"page","link":"https:\/\/sienacamping.com\/fr\/ou-sommes-nous\/","title":{"rendered":"O\u00f9 sommes nous"},"content":{"rendered":"<section class=\"l-section wpb_row height_auto\"><div class=\"l-section-h i-cf\"><div class=\"g-cols vc_row type_default valign_top\"><div class=\"vc_col-sm-12 wpb_column vc_column_container\"><div class=\"vc_column-inner\"><div class=\"wpb_wrapper\"><div class=\"ult-spacer spacer-69d29aba7833a\" data-id=\"69d29aba7833a\" data-height=\"50\" data-height-mobile=\"50\" data-height-tab=\"50\" data-height-tab-portrait=\"\" data-height-mobile-landscape=\"\" style=\"clear:both;display:block;\"><\/div><div class=\"wpb_text_column\" ><div class=\"wpb_wrapper\"><h1 class=\"com-typo__lead-title mod-internal-heading__title mod-internal-heading__title--margin\">Camping Siena Colleverde<\/h1>\n<\/div><\/div><div class=\"g-cols wpb_row  type_default valign_top vc_inner\"><div class=\"vc_col-sm-3 wpb_column vc_column_container\"><div class=\"vc_column-inner\"><div class=\"wpb_wrapper\"><div class=\"w-hwrapper us_custom_0db20381 align_left valign_top\"><div class=\"ult-spacer spacer-69d29aba78d13\" data-id=\"69d29aba78d13\" data-height=\"5\" data-height-mobile=\"5\" data-height-tab=\"5\" data-height-tab-portrait=\"\" data-height-mobile-landscape=\"\" style=\"clear:both;display:block;\"><\/div><\/div><\/div><\/div><\/div><div class=\"vc_col-sm-3 wpb_column vc_column_container\"><div class=\"vc_column-inner\"><div class=\"wpb_wrapper\"><\/div><\/div><\/div><div class=\"vc_col-sm-3 wpb_column vc_column_container\"><div class=\"vc_column-inner\"><div class=\"wpb_wrapper\"><\/div><\/div><\/div><div class=\"vc_col-sm-3 wpb_column vc_column_container\"><div class=\"vc_column-inner\"><div class=\"wpb_wrapper\"><\/div><\/div><\/div><\/div><div class=\"ult-spacer spacer-69d29aba78e41\" data-id=\"69d29aba78e41\" data-height=\"40\" data-height-mobile=\"40\" data-height-tab=\"40\" data-height-tab-portrait=\"\" data-height-mobile-landscape=\"\" style=\"clear:both;display:block;\"><\/div><\/div><\/div><\/div><\/div><\/div><\/section><!-- Row Backgrounds --><div class=\"upb_color\" data-bg-override=\"0\" data-bg-color=\"#e8e8e8\" data-fadeout=\"\" data-fadeout-percentage=\"30\" data-parallax-content=\"\" data-parallax-content-sense=\"30\" data-row-effect-mobile-disable=\"true\" data-img-parallax-mobile-disable=\"true\" data-rtl=\"false\"  data-custom-vc-row=\"\"  data-vc=\"6.6.0\"  data-is_old_vc=\"\"  data-theme-support=\"\"   data-overlay=\"false\" data-overlay-color=\"\" data-overlay-pattern=\"\" data-overlay-pattern-opacity=\"\" data-overlay-pattern-size=\"\"    ><\/div><section class=\"l-section wpb_row us_custom_0db20381 height_auto width_full\"><div class=\"l-section-h i-cf\"><div class=\"g-cols vc_row type_default valign_top\"><div class=\"vc_col-sm-12 wpb_column vc_column_container\"><div class=\"vc_column-inner\"><div class=\"wpb_wrapper\"><div class=\"w-map provider_osm us_map_1\" id=\"us_map_1\"><div class=\"w-map-json\" onclick='return {&quot;address&quot;:&quot;43.3369, 11.3313&quot;,&quot;markers&quot;:[{&quot;address&quot;:&quot;43.3369, 11.3313&quot;,&quot;html&quot;:&quot;&lt;h5&gt;Hey, nous sommes ici!&lt;\\\/h5&gt;\\r\\n\\r\\n&lt;h7&gt;&lt;strong&gt;Camping Siena Colleverde&lt;\\\/strong&gt;&lt;\\\/h7&gt;&lt;br&gt;\\r\\n&lt;h7&gt;Strada di Scacciapensieri, 47\\r\\n53100 \\u2013 Siena\\r\\nTel.: +39 0577.334080 \\u2013 +39 0577.601638\\r\\nEmail: info@sienacamping.com&lt;\\\/h7&gt;&quot;,&quot;infowindow&quot;:false}],&quot;zoom&quot;:9,&quot;icon&quot;:{&quot;url&quot;:&quot;https:\\\/\\\/sienacamping.com\\\/wp-content\\\/uploads\\\/2021\\\/04\\\/ICON_PIN-150x150.png&quot;,&quot;size&quot;:[40,40]},&quot;height&quot;:400,&quot;style&quot;:&quot;https:\\\/\\\/{s}.tile.openstreetmap.org\\\/{z}\\\/{x}\\\/{y}.png&quot;,&quot;disableZoom&quot;:true}'><\/div><\/div><\/div><\/div><\/div><\/div><\/div><\/section><!-- Row Backgrounds --><div class=\"upb_color\" data-bg-override=\"0\" data-bg-color=\"#f6c244\" data-fadeout=\"\" data-fadeout-percentage=\"30\" data-parallax-content=\"\" data-parallax-content-sense=\"30\" data-row-effect-mobile-disable=\"true\" data-img-parallax-mobile-disable=\"true\" data-rtl=\"false\"  data-custom-vc-row=\"\"  data-vc=\"6.6.0\"  data-is_old_vc=\"\"  data-theme-support=\"\"   data-overlay=\"false\" data-overlay-color=\"\" data-overlay-pattern=\"\" data-overlay-pattern-opacity=\"\" data-overlay-pattern-size=\"\"    ><\/div><section class=\"l-section wpb_row height_medium\"><div class=\"l-section-h i-cf\"><div class=\"g-cols vc_row type_default valign_top\"><div class=\"vc_col-sm-12 wpb_column vc_column_container\"><div class=\"vc_column-inner\"><div class=\"wpb_wrapper\"><div class=\"wpb_text_column\" ><div class=\"wpb_wrapper\"><h3 class=\"com-typo__subtitle com-typo__subtitle--little\"><strong>A pied ou avec les transports en commun<\/strong><\/h3>\n<p class=\"com-typo__text-block\">Depuis la gare FFSS en arrivant de jour, prendre le bus num\u00e9ro 3 direction DUE PONTI ou le bus 8 jusqu&rsquo;au camping. Pour rejoindre le camping \u00e0 pieds il y \u00e0 environ 1,6 kilom\u00e8tres depuis la gare. En sortant de la gare tourner \u00e0 gauche, arrivez au rond point prendre encore \u00e0 gauche et traverser le pont. Au prochain rond point prendre la premi\u00e8re sortie \u00e0 gauche, parall\u00e8le au supermarch\u00e9 COOP continuer sur un Km e tau stop tourner \u00e0 droite apr\u00e8s 100 m\u00e8tres vous trouverez l&rsquo;entr\u00e9e du camping.<\/p>\n<h3 class=\"com-typo__subtitle com-typo__subtitle--little\"><strong>En voiture (GPS N43\u00b0 20\u2019 15\u2019\u2019 E 11\u00b0 19\u2019 50\u2019\u2019)<\/strong><\/h3>\n<p class=\"com-typo__text-block\"><span style=\"color: #007830;\"><strong>En arrivant de Rome<\/strong><\/span>: sortir \u00e0 ValdiChiana\/ Bettolle prendre la route \u00e0 circulation rapide pour Sienne et sortir \u00e0 Sienne. Continuer le long de la rue Toselli suivant les indications pour l&rsquo;h\u00f4pital. Apres \u00eatre arriv\u00e9e vers l&rsquo;h\u00f4pital vous trouverez les panneaux indiquant le camping.<\/p>\n<p><span style=\"color: #007830;\"><strong>En arrivant de Florence<\/strong><\/span>: sortir \u00e0 Firenze Impruneta et prendre la route \u00e0 circulation rapide FI-SI. Sortir \u00e0 Sienne Nord et suivre les indications pour l&rsquo;h\u00f4pital. Apres \u00eatre arriv\u00e9e vers l&rsquo;h\u00f4pital vous trouverez les panneaux indiquant le camping.<\/p>\n<p><span style=\"color: #007830;\"><strong>En arrivant de Grosseto<\/strong><\/span>: sortir \u00e0 Sienne Est et continuer le long de la rue Toselli en suivant les indications pour l&rsquo;h\u00f4pital. Apres \u00eatre arriv\u00e9e vers l&rsquo;h\u00f4pital vous trouverez les panneaux indiquant le camping.<\/p>\n<\/div><\/div><\/div><\/div><\/div><\/div><\/div><\/section>\n","protected":false},"excerpt":{"rendered":"Camping Siena Colleverde A pied ou avec les transports en commun Depuis la gare FFSS en arrivant de jour, prendre le bus num\u00e9ro 3 direction DUE PONTI ou le bus 8 jusqu&rsquo;au camping. Pour rejoindre le camping \u00e0 pieds il y \u00e0 environ 1,6 kilom\u00e8tres depuis la gare. En sortant de la gare tourner \u00e0...","protected":false},"author":1,"featured_media":0,"parent":0,"menu_order":0,"comment_status":"closed","ping_status":"closed","template":"","meta":[],"yoast_head":"<!-- This site is optimized with the Yoast SEO plugin v16.2 - https:\/\/yoast.com\/wordpress\/plugins\/seo\/ -->\n<title>O\u00f9 sommes nous - Siena Camping Colleverde, camping avec piscine, Village Toscane<\/title>\n<meta name=\"description\" content=\"Camping \u00e0 Sienne, en Toscane, situ\u00e9e dans le centre historique. Pr\u00e8s des collines des Chianti, Montalcino et Montepulciano. Camping avec piscine.\" \/>\n<meta name=\"robots\" content=\"index, follow, max-snippet:-1, max-image-preview:large, max-video-preview:-1\" \/>\n<link rel=\"canonical\" href=\"https:\/\/sienacamping.com\/fr\/ou-sommes-nous\/\" \/>\n<meta property=\"og:locale\" content=\"fr_FR\" \/>\n<meta property=\"og:type\" content=\"article\" \/>\n<meta property=\"og:title\" content=\"O\u00f9 sommes nous - Siena Camping Colleverde, camping avec piscine, Village Toscane\" \/>\n<meta property=\"og:description\" content=\"Camping \u00e0 Sienne, en Toscane, situ\u00e9e dans le centre historique. Pr\u00e8s des collines des Chianti, Montalcino et Montepulciano. Camping avec piscine.\" \/>\n<meta property=\"og:url\" content=\"https:\/\/sienacamping.com\/fr\/ou-sommes-nous\/\" \/>\n<meta property=\"og:site_name\" content=\"Siena Camping\" \/>\n<meta name=\"twitter:card\" content=\"summary_large_image\" \/>\n<meta name=\"twitter:label1\" content=\"Dur\u00e9e de lecture est.\">\n\t<meta name=\"twitter:data1\" content=\"2 minutes\">\n<script type=\"application\/ld+json\" class=\"yoast-schema-graph\">{\"@context\":\"https:\/\/schema.org\",\"@graph\":[{\"@type\":\"WebSite\",\"@id\":\"https:\/\/sienacamping.com\/#website\",\"url\":\"https:\/\/sienacamping.com\/\",\"name\":\"Siena Camping\",\"description\":\"\",\"potentialAction\":[{\"@type\":\"SearchAction\",\"target\":\"https:\/\/sienacamping.com\/?s={search_term_string}\",\"query-input\":\"required name=search_term_string\"}],\"inLanguage\":\"fr-FR\"},{\"@type\":\"WebPage\",\"@id\":\"https:\/\/sienacamping.com\/fr\/ou-sommes-nous\/#webpage\",\"url\":\"https:\/\/sienacamping.com\/fr\/ou-sommes-nous\/\",\"name\":\"O\\u00f9 sommes nous - Siena Camping Colleverde, camping avec piscine, Village Toscane\",\"isPartOf\":{\"@id\":\"https:\/\/sienacamping.com\/#website\"},\"datePublished\":\"2021-05-03T07:49:03+00:00\",\"dateModified\":\"2021-05-03T07:49:03+00:00\",\"description\":\"Camping \\u00e0 Sienne, en Toscane, situ\\u00e9e dans le centre historique. Pr\\u00e8s des collines des Chianti, Montalcino et Montepulciano. Camping avec piscine.\",\"breadcrumb\":{\"@id\":\"https:\/\/sienacamping.com\/fr\/ou-sommes-nous\/#breadcrumb\"},\"inLanguage\":\"fr-FR\",\"potentialAction\":[{\"@type\":\"ReadAction\",\"target\":[\"https:\/\/sienacamping.com\/fr\/ou-sommes-nous\/\"]}]},{\"@type\":\"BreadcrumbList\",\"@id\":\"https:\/\/sienacamping.com\/fr\/ou-sommes-nous\/#breadcrumb\",\"itemListElement\":[{\"@type\":\"ListItem\",\"position\":1,\"item\":{\"@type\":\"WebPage\",\"@id\":\"https:\/\/sienacamping.com\/fr\/\",\"url\":\"https:\/\/sienacamping.com\/fr\/\",\"name\":\"Home\"}},{\"@type\":\"ListItem\",\"position\":2,\"item\":{\"@id\":\"https:\/\/sienacamping.com\/fr\/ou-sommes-nous\/#webpage\"}}]}]}<\/script>\n<!-- \/ Yoast SEO plugin. -->","_links":{"self":[{"href":"https:\/\/sienacamping.com\/fr\/wp-json\/wp\/v2\/pages\/923"}],"collection":[{"href":"https:\/\/sienacamping.com\/fr\/wp-json\/wp\/v2\/pages"}],"about":[{"href":"https:\/\/sienacamping.com\/fr\/wp-json\/wp\/v2\/types\/page"}],"author":[{"embeddable":true,"href":"https:\/\/sienacamping.com\/fr\/wp-json\/wp\/v2\/users\/1"}],"replies":[{"embeddable":true,"href":"https:\/\/sienacamping.com\/fr\/wp-json\/wp\/v2\/comments?post=923"}],"version-history":[{"count":2,"href":"https:\/\/sienacamping.com\/fr\/wp-json\/wp\/v2\/pages\/923\/revisions"}],"predecessor-version":[{"id":925,"href":"https:\/\/sienacamping.com\/fr\/wp-json\/wp\/v2\/pages\/923\/revisions\/925"}],"wp:attachment":[{"href":"https:\/\/sienacamping.com\/fr\/wp-json\/wp\/v2\/media?parent=923"}],"curies":[{"name":"wp","href":"https:\/\/api.w.org\/{rel}","templated":true}]}}