{"id":920,"date":"2021-05-03T07:40:07","date_gmt":"2021-05-03T07:40:07","guid":{"rendered":"http:\/\/sienacamping.com\/contacts\/"},"modified":"2021-05-03T07:40:08","modified_gmt":"2021-05-03T07:40:08","slug":"contacts","status":"publish","type":"page","link":"https:\/\/sienacamping.com\/fr\/contacts\/","title":{"rendered":"Contacts"},"content":{"rendered":"<section class=\"l-section wpb_row height_auto\"><div class=\"l-section-h i-cf\"><div class=\"g-cols vc_row type_default valign_top\"><div class=\"vc_col-sm-12 wpb_column vc_column_container\"><div class=\"vc_column-inner\"><div class=\"wpb_wrapper\"><div class=\"ult-spacer spacer-69e652dbf4110\" data-id=\"69e652dbf4110\" data-height=\"50\" data-height-mobile=\"50\" data-height-tab=\"50\" data-height-tab-portrait=\"\" data-height-mobile-landscape=\"\" style=\"clear:both;display:block;\"><\/div><div class=\"wpb_text_column\" ><div class=\"wpb_wrapper\"><h2 class=\"com-typo__lead-title mod-internal-heading__title mod-internal-heading__title--margin\">Contactez le Camping Village<\/h2>\n<\/div><\/div><div class=\"g-cols wpb_row  type_default valign_top vc_inner\"><div class=\"vc_col-sm-3 wpb_column vc_column_container\"><div class=\"vc_column-inner\"><div class=\"wpb_wrapper\"><div class=\"w-hwrapper us_custom_0db20381 align_left valign_top\"><div class=\"ult-spacer spacer-69e652dc00752\" data-id=\"69e652dc00752\" data-height=\"5\" data-height-mobile=\"5\" data-height-tab=\"5\" data-height-tab-portrait=\"\" data-height-mobile-landscape=\"\" style=\"clear:both;display:block;\"><\/div><\/div><\/div><\/div><\/div><div class=\"vc_col-sm-3 wpb_column vc_column_container\"><div class=\"vc_column-inner\"><div class=\"wpb_wrapper\"><\/div><\/div><\/div><div class=\"vc_col-sm-3 wpb_column vc_column_container\"><div class=\"vc_column-inner\"><div class=\"wpb_wrapper\"><\/div><\/div><\/div><div class=\"vc_col-sm-3 wpb_column vc_column_container\"><div class=\"vc_column-inner\"><div class=\"wpb_wrapper\"><\/div><\/div><\/div><\/div><div class=\"ult-spacer spacer-69e652dc00886\" data-id=\"69e652dc00886\" data-height=\"40\" data-height-mobile=\"40\" data-height-tab=\"40\" data-height-tab-portrait=\"\" data-height-mobile-landscape=\"\" style=\"clear:both;display:block;\"><\/div><\/div><\/div><\/div><\/div><\/div><\/section><!-- Row Backgrounds --><div class=\"upb_color\" data-bg-override=\"0\" data-bg-color=\"#e8e8e8\" data-fadeout=\"\" data-fadeout-percentage=\"30\" data-parallax-content=\"\" data-parallax-content-sense=\"30\" data-row-effect-mobile-disable=\"true\" data-img-parallax-mobile-disable=\"true\" data-rtl=\"false\"  data-custom-vc-row=\"\"  data-vc=\"6.6.0\"  data-is_old_vc=\"\"  data-theme-support=\"\"   data-overlay=\"false\" data-overlay-color=\"\" data-overlay-pattern=\"\" data-overlay-pattern-opacity=\"\" data-overlay-pattern-size=\"\"    ><\/div><section class=\"l-section wpb_row height_medium\"><div class=\"l-section-h i-cf\"><div class=\"g-cols vc_row type_default valign_top\"><div class=\"vc_col-sm-8 wpb_column vc_column_container\"><div class=\"vc_column-inner\"><div class=\"wpb_wrapper\"><div class=\"wpb_text_column\" ><div class=\"wpb_wrapper\"><p>Pour nous contacter et recevoir un devis gratuit et personnalis\u00e9 vous pouvez utiliser le formulaire ci-dessous.<\/p>\n<\/div><\/div><div class=\"wpb_text_column\" ><div class=\"wpb_wrapper\"><div id=\"quform-10cf14\" class=\"quform quform-3 quform-support-page-caching\"><form id=\"quform-form-10cf14\" class=\"quform-form quform-form-3\" action=\"\/fr\/wp-json\/wp\/v2\/pages\/920#quform-10cf14\" method=\"post\" enctype=\"multipart\/form-data\" novalidate=\"novalidate\" data-options=\"{&quot;id&quot;:3,&quot;uniqueId&quot;:&quot;10cf14&quot;,&quot;theme&quot;:&quot;&quot;,&quot;ajax&quot;:true,&quot;logic&quot;:{&quot;logic&quot;:[],&quot;dependents&quot;:[],&quot;elementIds&quot;:[],&quot;dependentElementIds&quot;:[],&quot;animate&quot;:true},&quot;currentPageId&quot;:1,&quot;errorsIcon&quot;:&quot;&quot;,&quot;updateFancybox&quot;:true,&quot;hasPages&quot;:false,&quot;pages&quot;:[1],&quot;pageProgressType&quot;:&quot;numbers&quot;,&quot;tooltipsEnabled&quot;:true,&quot;tooltipClasses&quot;:&quot;qtip-quform-dark qtip-shadow&quot;,&quot;tooltipMy&quot;:&quot;left center&quot;,&quot;tooltipAt&quot;:&quot;right center&quot;,&quot;isRtl&quot;:false,&quot;scrollOffset&quot;:-50,&quot;scrollSpeed&quot;:800}\"><button class=\"quform-default-submit\" name=\"quform_submit\" type=\"submit\" value=\"submit\" aria-hidden=\"true\"><\/button><div class=\"quform-form-inner quform-form-inner-3\"><input type=\"hidden\" name=\"quform_form_id\" value=\"3\" \/><input type=\"hidden\" name=\"quform_form_uid\" value=\"10cf14\" \/><input type=\"hidden\" name=\"quform_count\" value=\"1\" \/><input type=\"hidden\" name=\"form_url\" value=\"https:\/\/sienacamping.com\/fr\/wp-json\/wp\/v2\/pages\/920\" \/><input type=\"hidden\" name=\"referring_url\" value=\"\" \/><input type=\"hidden\" name=\"post_id\" value=\"\" \/><input type=\"hidden\" name=\"post_title\" value=\"\" \/><input type=\"hidden\" name=\"quform_current_page_id\" value=\"1\" \/><input type=\"hidden\" name=\"quform_csrf_token\" value=\"escglP5txksvKvBbPH2PGHmxEafMJQZLMlJL9C20\" \/><div class=\"quform-elements quform-elements-3 quform-cf quform-responsive-elements-phone-landscape\"><div class=\"quform-element quform-element-page quform-page-1 quform-page-3_1 quform-cf quform-group-style-plain quform-first-page quform-last-page quform-current-page\"><div class=\"quform-child-elements\"><div class=\"quform-element quform-element-row quform-element-row-3_3 quform-2-columns quform-element-row-size-fixed quform-responsive-columns-phone-landscape\"><div class=\"quform-element quform-element-column quform-element-3_4\"><div class=\"quform-element quform-element-text quform-element-3_6 quform-cf quform-labels-inside quform-element-required\"><div class=\"quform-spacer\"><div class=\"quform-label quform-label-3_6\"><span class=\"quform-label-icon\"><i class=\"fa fa-user-circle-o\"><\/i><\/span><label class=\"quform-label-text\" for=\"quform_3_6_10cf14\">Pr\u00e9nom<span class=\"quform-required\">*<\/span><\/label><\/div><div class=\"quform-inner quform-inner-text quform-inner-3_6\"><div class=\"quform-input quform-input-text quform-input-3_6 quform-cf\"><input type=\"text\" id=\"quform_3_6_10cf14\" name=\"quform_3_6\" class=\"quform-field quform-field-text quform-field-3_6\" \/><\/div><\/div><\/div><\/div><div class=\"quform-element quform-element-text quform-element-3_7 quform-cf quform-labels-inside quform-element-required\"><div class=\"quform-spacer\"><div class=\"quform-label quform-label-3_7\"><span class=\"quform-label-icon\"><i class=\"fa fa-user-circle-o\"><\/i><\/span><label class=\"quform-label-text\" for=\"quform_3_7_10cf14\">Nom<span class=\"quform-required\">*<\/span><\/label><\/div><div class=\"quform-inner quform-inner-text quform-inner-3_7\"><div class=\"quform-input quform-input-text quform-input-3_7 quform-cf\"><input type=\"text\" id=\"quform_3_7_10cf14\" name=\"quform_3_7\" class=\"quform-field quform-field-text quform-field-3_7\" \/><\/div><\/div><\/div><\/div><\/div><div class=\"quform-element quform-element-column quform-element-3_5\"><div class=\"quform-element quform-element-email quform-element-3_8 quform-cf quform-labels-inside quform-element-required\"><div class=\"quform-spacer\"><div class=\"quform-label quform-label-3_8\"><span class=\"quform-label-icon\"><i class=\"fa fa-envelope-o\"><\/i><\/span><label class=\"quform-label-text\" for=\"quform_3_8_10cf14\">E-mail<span class=\"quform-required\">*<\/span><\/label><\/div><div class=\"quform-inner quform-inner-email quform-inner-3_8\"><div class=\"quform-input quform-input-email quform-input-3_8 quform-cf\"><input type=\"email\" id=\"quform_3_8_10cf14\" name=\"quform_3_8\" class=\"quform-field quform-field-email quform-field-3_8\" \/><\/div><\/div><\/div><\/div><div class=\"quform-element quform-element-text quform-element-3_9 quform-cf quform-labels-inside quform-element-optional\"><div class=\"quform-spacer\"><div class=\"quform-label quform-label-3_9\"><span class=\"quform-label-icon\"><i class=\"fa fa-phone\"><\/i><\/span><label class=\"quform-label-text\" for=\"quform_3_9_10cf14\">T\u00e9l\u00e9phone<\/label><\/div><div class=\"quform-inner quform-inner-text quform-inner-3_9\"><div class=\"quform-input quform-input-text quform-input-3_9 quform-cf\"><input type=\"text\" id=\"quform_3_9_10cf14\" name=\"quform_3_9\" class=\"quform-field quform-field-text quform-field-3_9\" \/><\/div><\/div><\/div><\/div><\/div><\/div><div class=\"quform-element quform-element-textarea quform-element-3_10 quform-cf quform-labels-inside quform-element-optional\"><div class=\"quform-spacer\"><div class=\"quform-label quform-label-3_10\"><label class=\"quform-label-text\" for=\"quform_3_10_10cf14\">Message...<\/label><\/div><div class=\"quform-inner quform-inner-textarea quform-inner-3_10\"><div class=\"quform-input quform-input-textarea quform-input-3_10 quform-cf\"><textarea id=\"quform_3_10_10cf14\" name=\"quform_3_10\" class=\"quform-field quform-field-textarea quform-field-3_10\"><\/textarea><\/div><\/div><\/div><\/div><div class=\"quform-element quform-element-checkbox quform-element-3_11 quform-cf quform-element-optional\"><div class=\"quform-spacer\"><div class=\"quform-label quform-label-3_11\"><label class=\"quform-label-text\" id=\"quform_3_11_10cf14_label\">Newsletter<\/label><\/div><div class=\"quform-inner quform-inner-checkbox quform-inner-3_11\"><div class=\"quform-input quform-input-checkbox quform-input-3_11 quform-cf\"><div class=\"quform-options quform-cf quform-options-block quform-options-simple\" role=\"group\" aria-labelledby=\"quform_3_11_10cf14_label\"><div class=\"quform-option\"><input type=\"checkbox\" name=\"quform_3_11[]\" id=\"quform_3_11_10cf14_1\" class=\"quform-field quform-field-checkbox quform-field-3_11 quform-field-3_11_1\" value=\"J&#039;accepte\" \/><label for=\"quform_3_11_10cf14_1\" class=\"quform-option-label quform-option-label-3_11_1\"><span class=\"quform-option-text\">J'accepte<\/span><\/label><\/div><\/div><\/div><p class=\"quform-description quform-description-below\">Inscrivez-vous pour notre lettre d'information pour recevoir des nouvelles et des offres!<\/p><\/div><\/div><\/div><div class=\"quform-element quform-element-checkbox quform-element-3_12 quform-cf quform-element-required\"><div class=\"quform-spacer\"><div class=\"quform-label quform-label-3_12\"><label class=\"quform-label-text\" id=\"quform_3_12_10cf14_label\">Privacy<span class=\"quform-required\">*<\/span><\/label><\/div><div class=\"quform-inner quform-inner-checkbox quform-inner-3_12\"><div class=\"quform-input quform-input-checkbox quform-input-3_12 quform-cf\"><div class=\"quform-options quform-cf quform-options-block quform-options-simple\" role=\"group\" aria-labelledby=\"quform_3_12_10cf14_label\"><div class=\"quform-option\"><input type=\"checkbox\" name=\"quform_3_12[]\" id=\"quform_3_12_10cf14_1\" class=\"quform-field quform-field-checkbox quform-field-3_12 quform-field-3_12_1\" value=\"Accetto\" \/><label for=\"quform_3_12_10cf14_1\" class=\"quform-option-label quform-option-label-3_12_1\"><span class=\"quform-option-text\">Accetto<\/span><\/label><\/div><\/div><\/div><p class=\"quform-description quform-description-below\">J'ai lu et j'accepte les <a href=\"#privacy\" id=\"_privacy\" class=\"open-privacy\">informations<\/a> concernant le traitement des donn\u00e9es personnelles..<\/p><\/div><\/div><\/div><div class=\"quform-element quform-element-recaptcha quform-element-3_13 quform-cf quform-element-required quform-recaptcha-no-size\"><div class=\"quform-spacer\"><div class=\"quform-inner quform-inner-recaptcha quform-inner-3_13\"><div class=\"quform-input quform-input-recaptcha quform-input-3_13 quform-cf\"><div class=\"quform-recaptcha\" data-config=\"{&quot;sitekey&quot;:&quot;6LcjnEArAAAAAOQJ_77-Amn7hWsL_I2vXoIVF39_&quot;,&quot;_version&quot;:&quot;v3&quot;,&quot;size&quot;:&quot;invisible&quot;,&quot;type&quot;:&quot;image&quot;,&quot;theme&quot;:&quot;light&quot;,&quot;badge&quot;:&quot;bottomright&quot;}\"><\/div><noscript>Veuillez activer JavaScript pour l&#039;envoi de ce formulaire.<\/noscript><\/div><\/div><\/div><\/div><div class=\"quform-element quform-element-submit quform-element-3_2 quform-cf quform-button-style-theme\"><div class=\"quform-button-submit quform-button-submit-default quform-button-submit-3_2\"><button name=\"quform_submit\" type=\"submit\" class=\"quform-submit\" value=\"submit\"><span class=\"quform-button-text quform-button-submit-text\">Soumettre<\/span><\/button><\/div><div class=\"quform-loading quform-loading-position-left quform-loading-type-spinner-1\"><div class=\"quform-loading-inner\"><div class=\"quform-loading-spinner\"><div class=\"quform-loading-spinner-inner\"><\/div><\/div><\/div><\/div><\/div><div class=\"quform-element-tree\"><label for=\"quform_3_0_10cf14\">Ce champ devrait \u00eatre laiss\u00e9 vide<\/label><input type=\"text\" id=\"quform_3_0_10cf14\" name=\"quform_3_0\" class=\"quform-field quform-field-tree quform-field-3_0\" tabindex=\"-1\" autocomplete=\"off\" \/><\/div><\/div><\/div><\/div><\/div><\/form><\/div>\n<\/div><\/div><\/div><\/div><\/div><div class=\"vc_col-sm-4 wpb_column vc_column_container\"><div class=\"vc_column-inner\"><div class=\"wpb_wrapper\"><div class=\"w-image align_none\"><div class=\"w-image-h\"><img width=\"300\" height=\"169\" src=\"https:\/\/sienacamping.com\/wp-content\/uploads\/2021\/04\/siena-camping-media-panoramiche19-300x169.jpeg\" class=\"attachment-medium size-medium\" alt=\"\" loading=\"lazy\" srcset=\"https:\/\/sienacamping.com\/wp-content\/uploads\/2021\/04\/siena-camping-media-panoramiche19-300x169.jpeg 300w, https:\/\/sienacamping.com\/wp-content\/uploads\/2021\/04\/siena-camping-media-panoramiche19-1024x576.jpeg 1024w, https:\/\/sienacamping.com\/wp-content\/uploads\/2021\/04\/siena-camping-media-panoramiche19.jpeg 1280w\" sizes=\"(max-width: 300px) 100vw, 300px\" \/><\/div><\/div><div class=\"ult-spacer spacer-69e652dc05450\" data-id=\"69e652dc05450\" data-height=\"25\" data-height-mobile=\"25\" data-height-tab=\"25\" data-height-tab-portrait=\"\" data-height-mobile-landscape=\"\" style=\"clear:both;display:block;\"><\/div><div class=\"wpb_text_column\" ><div class=\"wpb_wrapper\"><div class=\"wpb_text_column\">\n<div class=\"wpb_wrapper\">\n<p><strong>Camping Siena Colleverde<\/strong><br \/>\nStrada di Scacciapensieri, 47<br \/>\n53100 &#8211; Siena<br \/>\nTel.:\u00a0<a class=\"nocursor nocursor--underlined\" href=\"tel:+39 0577.332545\" data-ctrl=\"mod-ga-event-telephone\" data-lin-parse=\"true\">+39 0577.332545<\/a>\u00a0&#8211;\u00a0<a class=\"nocursor nocursor--underlined\" href=\"tel:+39 0577.334080\">+39 0577.334080<\/a><br \/>\nFax: +39 0577.334005<br \/>\nEmail: info@sienacamping.com<\/p>\n<\/div>\n<\/div>\n<\/div><\/div><\/div><\/div><\/div><\/div><\/div><\/section>\n","protected":false},"excerpt":{"rendered":"Contactez le Camping Village Pour nous contacter et recevoir un devis gratuit et personnalis\u00e9 vous pouvez utiliser le formulaire ci-dessous. Pr\u00e9nom*Nom*E-mail*T\u00e9l\u00e9phoneMessage...NewsletterJ'accepteInscrivez-vous pour notre lettre d'information pour recevoir des nouvelles et des offres!Privacy*AccettoJ'ai lu et j'accepte les informations concernant le traitement des donn\u00e9es personnelles..Veuillez activer JavaScript pour l&#039;envoi de ce formulaire.SoumettreCe champ devrait \u00eatre laiss\u00e9 vide...","protected":false},"author":1,"featured_media":0,"parent":0,"menu_order":0,"comment_status":"closed","ping_status":"closed","template":"","meta":[],"yoast_head":"<!-- This site is optimized with the Yoast SEO plugin v16.2 - https:\/\/yoast.com\/wordpress\/plugins\/seo\/ -->\n<title>Contacts - Siena Camping Colleverde, camping avec piscine, Village Toscane<\/title>\n<meta name=\"description\" content=\"Contacts Camping Sienne Toscane, Camping Animaux accept\u00e9s\" \/>\n<meta name=\"robots\" content=\"index, follow, max-snippet:-1, max-image-preview:large, max-video-preview:-1\" \/>\n<link rel=\"canonical\" href=\"https:\/\/sienacamping.com\/fr\/contacts\/\" \/>\n<meta property=\"og:locale\" content=\"fr_FR\" \/>\n<meta property=\"og:type\" content=\"article\" \/>\n<meta property=\"og:title\" content=\"Contacts - Siena Camping Colleverde, camping avec piscine, Village Toscane\" \/>\n<meta property=\"og:description\" content=\"Contacts Camping Sienne Toscane, Camping Animaux accept\u00e9s\" \/>\n<meta property=\"og:url\" content=\"https:\/\/sienacamping.com\/fr\/contacts\/\" \/>\n<meta property=\"og:site_name\" content=\"Siena Camping\" \/>\n<meta property=\"article:modified_time\" content=\"2021-05-03T07:40:08+00:00\" \/>\n<meta name=\"twitter:card\" content=\"summary_large_image\" \/>\n<meta name=\"twitter:label1\" content=\"Dur\u00e9e de lecture est.\">\n\t<meta name=\"twitter:data1\" content=\"1 minute\">\n<script type=\"application\/ld+json\" class=\"yoast-schema-graph\">{\"@context\":\"https:\/\/schema.org\",\"@graph\":[{\"@type\":\"WebSite\",\"@id\":\"https:\/\/sienacamping.com\/#website\",\"url\":\"https:\/\/sienacamping.com\/\",\"name\":\"Siena Camping\",\"description\":\"\",\"potentialAction\":[{\"@type\":\"SearchAction\",\"target\":\"https:\/\/sienacamping.com\/?s={search_term_string}\",\"query-input\":\"required name=search_term_string\"}],\"inLanguage\":\"fr-FR\"},{\"@type\":\"WebPage\",\"@id\":\"https:\/\/sienacamping.com\/fr\/contacts\/#webpage\",\"url\":\"https:\/\/sienacamping.com\/fr\/contacts\/\",\"name\":\"Contacts - Siena Camping Colleverde, camping avec piscine, Village Toscane\",\"isPartOf\":{\"@id\":\"https:\/\/sienacamping.com\/#website\"},\"datePublished\":\"2021-05-03T07:40:07+00:00\",\"dateModified\":\"2021-05-03T07:40:08+00:00\",\"description\":\"Contacts Camping Sienne Toscane, Camping Animaux accept\\u00e9s\",\"breadcrumb\":{\"@id\":\"https:\/\/sienacamping.com\/fr\/contacts\/#breadcrumb\"},\"inLanguage\":\"fr-FR\",\"potentialAction\":[{\"@type\":\"ReadAction\",\"target\":[\"https:\/\/sienacamping.com\/fr\/contacts\/\"]}]},{\"@type\":\"BreadcrumbList\",\"@id\":\"https:\/\/sienacamping.com\/fr\/contacts\/#breadcrumb\",\"itemListElement\":[{\"@type\":\"ListItem\",\"position\":1,\"item\":{\"@type\":\"WebPage\",\"@id\":\"https:\/\/sienacamping.com\/fr\/\",\"url\":\"https:\/\/sienacamping.com\/fr\/\",\"name\":\"Home\"}},{\"@type\":\"ListItem\",\"position\":2,\"item\":{\"@id\":\"https:\/\/sienacamping.com\/fr\/contacts\/#webpage\"}}]}]}<\/script>\n<!-- \/ Yoast SEO plugin. -->","_links":{"self":[{"href":"https:\/\/sienacamping.com\/fr\/wp-json\/wp\/v2\/pages\/920"}],"collection":[{"href":"https:\/\/sienacamping.com\/fr\/wp-json\/wp\/v2\/pages"}],"about":[{"href":"https:\/\/sienacamping.com\/fr\/wp-json\/wp\/v2\/types\/page"}],"author":[{"embeddable":true,"href":"https:\/\/sienacamping.com\/fr\/wp-json\/wp\/v2\/users\/1"}],"replies":[{"embeddable":true,"href":"https:\/\/sienacamping.com\/fr\/wp-json\/wp\/v2\/comments?post=920"}],"version-history":[{"count":2,"href":"https:\/\/sienacamping.com\/fr\/wp-json\/wp\/v2\/pages\/920\/revisions"}],"predecessor-version":[{"id":922,"href":"https:\/\/sienacamping.com\/fr\/wp-json\/wp\/v2\/pages\/920\/revisions\/922"}],"wp:attachment":[{"href":"https:\/\/sienacamping.com\/fr\/wp-json\/wp\/v2\/media?parent=920"}],"curies":[{"name":"wp","href":"https:\/\/api.w.org\/{rel}","templated":true}]}}