{"id":1475,"date":"2021-05-04T14:27:05","date_gmt":"2021-05-04T14:27:05","guid":{"rendered":"https:\/\/sienacamping.com\/stellplaetze\/"},"modified":"2021-05-13T13:37:54","modified_gmt":"2021-05-13T13:37:54","slug":"stellplaetze","status":"publish","type":"page","link":"https:\/\/sienacamping.com\/de\/stellplaetze\/","title":{"rendered":"Stellpl\u00e4tze"},"content":{"rendered":"<section class=\"l-section wpb_row height_auto\"><div class=\"l-section-h i-cf\"><div class=\"g-cols vc_row type_default valign_top\"><div class=\"vc_col-sm-12 wpb_column vc_column_container\"><div class=\"vc_column-inner\"><div class=\"wpb_wrapper\"><div class=\"ult-spacer spacer-69e63d80170c1\" data-id=\"69e63d80170c1\" data-height=\"50\" data-height-mobile=\"50\" data-height-tab=\"50\" data-height-tab-portrait=\"\" data-height-mobile-landscape=\"\" style=\"clear:both;display:block;\"><\/div><div class=\"wpb_text_column\" ><div class=\"wpb_wrapper\"><h2 class=\"com-typo__lead-title mod-internal-heading__title mod-internal-heading__title--margin\">Stellpl\u00e4tze<\/h2>\n<\/div><\/div><div class=\"g-cols wpb_row  type_default valign_top vc_inner\"><div class=\"vc_col-sm-2 wpb_column vc_column_container\"><div class=\"vc_column-inner\"><div class=\"wpb_wrapper\"><div class=\"w-hwrapper us_custom_0db20381 align_left valign_top\"><div class=\"ult-spacer spacer-69e63d8017832\" data-id=\"69e63d8017832\" data-height=\"5\" data-height-mobile=\"5\" data-height-tab=\"5\" data-height-tab-portrait=\"\" data-height-mobile-landscape=\"\" style=\"clear:both;display:block;\"><\/div><\/div><\/div><\/div><\/div><div class=\"vc_col-sm-10 wpb_column vc_column_container\"><div class=\"vc_column-inner\"><div class=\"wpb_wrapper\"><\/div><\/div><\/div><\/div><div class=\"ult-spacer spacer-69e63d80178b4\" data-id=\"69e63d80178b4\" data-height=\"40\" data-height-mobile=\"40\" data-height-tab=\"40\" data-height-tab-portrait=\"\" data-height-mobile-landscape=\"\" style=\"clear:both;display:block;\"><\/div><\/div><\/div><\/div><\/div><\/div><\/section><!-- Row Backgrounds --><div class=\"upb_color\" data-bg-override=\"0\" data-bg-color=\"#e8e8e8\" data-fadeout=\"\" data-fadeout-percentage=\"30\" data-parallax-content=\"\" data-parallax-content-sense=\"30\" data-row-effect-mobile-disable=\"true\" data-img-parallax-mobile-disable=\"true\" data-rtl=\"false\"  data-custom-vc-row=\"\"  data-vc=\"6.6.0\"  data-is_old_vc=\"\"  data-theme-support=\"\"   data-overlay=\"false\" data-overlay-color=\"\" data-overlay-pattern=\"\" data-overlay-pattern-opacity=\"\" data-overlay-pattern-size=\"\"    ><\/div><section class=\"l-section wpb_row us_custom_1f5f827b height_small\"><div class=\"l-section-h i-cf\"><div class=\"g-cols vc_row type_default valign_top\"><div class=\"vc_col-sm-12 wpb_column vc_column_container\"><div class=\"vc_column-inner\"><div class=\"wpb_wrapper\">[vc_raw_html]JTA5JTNDc2NyaXB0JTIwdHlwZSUzRCUyMnRleHQlMkZqYXZhc2NyaXB0JTIyJTIwc3JjJTNEJTIyJTJGd3AtaW5jbHVkZXMlMkZqcyUyRmdsb2JhbGl6ZSUyRmdsb2JhbGl6ZS1kZS5qcyUyMiUzRSUzQyUyRnNjcmlwdCUzRSUwQSUwQSUwOSUzQyUyMS0tJTNDbGluayUyMHJlbCUzRCUyMnN0eWxlc2hlZXQlMjIlMjBocmVmJTNEJTIyJTJGd3AtaW5jbHVkZXMlMkZjc3MlMkZ2ZXJ0aWNhbC5jc3MlMjIlMjAlMkYlM0UtLSUzRSUwQSUwOSUzQ2xpbmslMjByZWwlM0QlMjJzdHlsZXNoZWV0JTIyJTIwaHJlZiUzRCUyMiUyRndwLWluY2x1ZGVzJTJGY3NzJTJGaG9yaXpvbnRhbC5jc3MlMjIlMjAlMkYlM0UlMEElMEElMEElMDklM0MlMjEtLSUyMGNvbnRlbml0b3JlJTIwd2lkZ2V0JTIwZGklMjByaWNlcmNhJTIwLS0lM0UlMEElMDklM0NkaXYlMjBpZCUzRCUyMmJvb2tpbmdleHBlcnQlMjIlM0UlMEElMDklMDklM0NkaXYlMjBpZCUzRCUyMnNlYXJjaGJveCUyMiUzRSUzQyUyRmRpdiUzRSUwQSUwOSUzQyUyRmRpdiUzRSUwQSUwQSUwOSUzQyUyMS0tJTIwc2NyaXB0cyUyMHBlciUyMGlsJTIwY2FyaWNhbWVudG8lMjBkZWklMjB3aWRnZXQlMjAtLSUzRSUwQSUwOSUzQ3NjcmlwdCUyMHNyYyUzRCUyMmh0dHBzJTNBJTJGJTJGYmUuYm9va2luZ2V4cGVydC5pdCUyRmJvb2slMkZ3ZWJzaXRlcyUyRnNlYXJjaGJveCUzRmhvdGVsJTNEMTQwOTklMjZsYW5nJTNEZGUlMjIlM0UlM0MlMkZzY3JpcHQlM0UlMEElMDklM0NzY3JpcHQlM0VpdC5ib29raW5nZXhwZXJ0LlNlYXJjaEJveC5sb2FkJTI4JTI3c2VhcmNoYm94JTI3JTJDJTIwJTI3RGVmYXVsdCUyNyUyOSUzQiUzQyUyRnNjcmlwdCUzRQ==[\/vc_raw_html]<\/div><\/div><\/div><\/div><\/div><\/section><section class=\"l-section wpb_row height_medium\"><div class=\"l-section-h i-cf\"><div class=\"g-cols vc_row type_default valign_top\"><div class=\"vc_col-sm-12 wpb_column vc_column_container\"><div class=\"vc_column-inner\"><div class=\"wpb_wrapper\"><div class=\"w-grid type_grid layout_290 cols_3\" id=\"us_grid_1\" data-filterable=\"true\"><style id=\"us_grid_1_css\">#us_grid_1 .w-grid-item{padding:1.5rem}#us_grid_1 .w-grid-list{margin:-1.5rem}.w-grid + #us_grid_1 .w-grid-list{margin-top:1.5rem}@media (max-width:899px){#us_grid_1 .w-grid-item{width:50.0000%}}@media (max-width:599px){#us_grid_1 .w-grid-list{margin:0}#us_grid_1 .w-grid-item{width:100.0000%;padding:0;margin-bottom:1.5rem}}<\/style><style>.layout_290 .w-grid-item-h{}.layout_290 .usg_vwrapper_1{color:var(--color-header-middle-text)!important;background:var(--color-content-bg-alt)!important}.layout_290 .usg_post_title_1{color:var(--color-header-middle-text-hover)!important;margin-left:20px!important;margin-top:20px!important;margin-right:20px!important}.layout_290 .usg_hwrapper_1{margin:20px!important}<\/style><div class=\"w-grid-list\" >\t<article class=\"w-grid-item size_1x1 post-1579 us_portfolio type-us_portfolio status-publish has-post-thumbnail hentry us_portfolio_category-stellplatze us_portfolio_category-unterkunfte\" data-id=\"1579\">\r\n\t\t<div class=\"w-grid-item-h\">\r\n\t\t\t\t\t\t<div class=\"w-post-elm post_image usg_post_image_1 stretched\"><a href=\"https:\/\/sienacamping.com\/de\/camping\/stellplaetze-zelt-1-8-pers\/\" aria-label=\"Stellpl\u00e4tze \u00bb Zelt (1-8 pers)\"><img width=\"1024\" height=\"768\" src=\"https:\/\/sienacamping.com\/wp-content\/uploads\/2021\/04\/siena-camping-sistemazioni-piazzola-tenda1.jpeg\" class=\"attachment-full size-full wp-post-image\" alt=\"\" loading=\"lazy\" srcset=\"https:\/\/sienacamping.com\/wp-content\/uploads\/2021\/04\/siena-camping-sistemazioni-piazzola-tenda1.jpeg 1024w, https:\/\/sienacamping.com\/wp-content\/uploads\/2021\/04\/siena-camping-sistemazioni-piazzola-tenda1-300x225.jpeg 300w\" sizes=\"(max-width: 1024px) 100vw, 1024px\" \/><\/a><\/div><div class=\"w-vwrapper usg_vwrapper_1 align_left valign_middle\"><h5 class=\"w-post-elm post_title usg_post_title_1 entry-title has_text_color\"><a href=\"https:\/\/sienacamping.com\/de\/camping\/stellplaetze-zelt-1-8-pers\/\">Stellpl\u00e4tze \u00bb Zelt <br>(1-8 pers)<\/a><\/h5><div class=\"w-hwrapper usg_hwrapper_1 align_left valign_top\"><div class=\"w-text usg_text_1\"><span class=\"w-text-h\"><i class=\"fas fa-male\"><\/i><span class=\"w-text-value\"><\/span><\/span><\/div><div class=\"w-post-elm post_content usg_post_content_1\"><p>8 personen<\/p>\n<\/div><\/div><\/div>\t\t<\/div>\r\n\t<\/article>\r\n\t<article class=\"w-grid-item size_1x1 post-1569 us_portfolio type-us_portfolio status-publish has-post-thumbnail hentry us_portfolio_category-stellplatze us_portfolio_category-unterkunfte\" data-id=\"1569\">\r\n\t\t<div class=\"w-grid-item-h\">\r\n\t\t\t\t\t\t<div class=\"w-post-elm post_image usg_post_image_1 stretched\"><a href=\"https:\/\/sienacamping.com\/de\/camping\/stellplaetze-camper-1-8-pers\/\" aria-label=\"Stellpl\u00e4tze \u00bb Camper (1-8 pers)\"><img width=\"1024\" height=\"768\" src=\"https:\/\/sienacamping.com\/wp-content\/uploads\/2021\/04\/siena-camping-sistemazioni-piazzola-camper3.jpeg\" class=\"attachment-full size-full wp-post-image\" alt=\"\" loading=\"lazy\" srcset=\"https:\/\/sienacamping.com\/wp-content\/uploads\/2021\/04\/siena-camping-sistemazioni-piazzola-camper3.jpeg 1024w, https:\/\/sienacamping.com\/wp-content\/uploads\/2021\/04\/siena-camping-sistemazioni-piazzola-camper3-300x225.jpeg 300w\" sizes=\"(max-width: 1024px) 100vw, 1024px\" \/><\/a><\/div><div class=\"w-vwrapper usg_vwrapper_1 align_left valign_middle\"><h5 class=\"w-post-elm post_title usg_post_title_1 entry-title has_text_color\"><a href=\"https:\/\/sienacamping.com\/de\/camping\/stellplaetze-camper-1-8-pers\/\">Stellpl\u00e4tze \u00bb Camper (1-8 pers)<\/a><\/h5><div class=\"w-hwrapper usg_hwrapper_1 align_left valign_top\"><div class=\"w-text usg_text_1\"><span class=\"w-text-h\"><i class=\"fas fa-male\"><\/i><span class=\"w-text-value\"><\/span><\/span><\/div><div class=\"w-post-elm post_content usg_post_content_1\"><p>8 personen<\/p>\n<\/div><\/div><\/div>\t\t<\/div>\r\n\t<\/article>\r\n\t<article class=\"w-grid-item size_1x1 post-1561 us_portfolio type-us_portfolio status-publish has-post-thumbnail hentry us_portfolio_category-stellplatze us_portfolio_category-unterkunfte\" data-id=\"1561\">\r\n\t\t<div class=\"w-grid-item-h\">\r\n\t\t\t\t\t\t<div class=\"w-post-elm post_image usg_post_image_1 stretched\"><a href=\"https:\/\/sienacamping.com\/de\/camping\/stellplaetze-wohnwagen-1-8-pers\/\" aria-label=\"Stellpl\u00e4tze \u00bb Wohnwagen (1-8 pers)\"><img width=\"1024\" height=\"768\" src=\"https:\/\/sienacamping.com\/wp-content\/uploads\/2021\/04\/siena-camping-sistemazioni-piazzola-caravan1.jpeg\" class=\"attachment-full size-full wp-post-image\" alt=\"\" loading=\"lazy\" srcset=\"https:\/\/sienacamping.com\/wp-content\/uploads\/2021\/04\/siena-camping-sistemazioni-piazzola-caravan1.jpeg 1024w, https:\/\/sienacamping.com\/wp-content\/uploads\/2021\/04\/siena-camping-sistemazioni-piazzola-caravan1-300x225.jpeg 300w\" sizes=\"(max-width: 1024px) 100vw, 1024px\" \/><\/a><\/div><div class=\"w-vwrapper usg_vwrapper_1 align_left valign_middle\"><h5 class=\"w-post-elm post_title usg_post_title_1 entry-title has_text_color\"><a href=\"https:\/\/sienacamping.com\/de\/camping\/stellplaetze-wohnwagen-1-8-pers\/\">Stellpl\u00e4tze \u00bb Wohnwagen (1-8 pers)<\/a><\/h5><div class=\"w-hwrapper usg_hwrapper_1 align_left valign_top\"><div class=\"w-text usg_text_1\"><span class=\"w-text-h\"><i class=\"fas fa-male\"><\/i><span class=\"w-text-value\"><\/span><\/span><\/div><div class=\"w-post-elm post_content usg_post_content_1\"><p>8 personen<\/p>\n<\/div><\/div><\/div>\t\t<\/div>\r\n\t<\/article>\r\n<\/div><div class=\"w-grid-preloader\"><div class=\"g-preloader type_1\">\r\n\t<div><\/div>\r\n<\/div>\r\n<\/div>\t<div class=\"w-grid-json hidden\" onclick='return {&quot;action&quot;:&quot;us_ajax_grid&quot;,&quot;ajax_url&quot;:&quot;https:\\\/\\\/sienacamping.com\\\/wp-admin\\\/admin-ajax.php&quot;,&quot;infinite_scroll&quot;:0,&quot;max_num_pages&quot;:1,&quot;pagination&quot;:&quot;none&quot;,&quot;permalink_url&quot;:&quot;https:\\\/\\\/sienacamping.com\\\/de\\\/wp-json\\\/wp\\\/v2\\\/pages\\\/1475\\\/&quot;,&quot;template_vars&quot;:{&quot;columns&quot;:&quot;3&quot;,&quot;exclude_items&quot;:&quot;none&quot;,&quot;img_size&quot;:&quot;default&quot;,&quot;ignore_items_size&quot;:false,&quot;items_layout&quot;:&quot;290&quot;,&quot;items_offset&quot;:&quot;1&quot;,&quot;load_animation&quot;:&quot;none&quot;,&quot;overriding_link&quot;:&quot;none&quot;,&quot;post_id&quot;:1475,&quot;query_args&quot;:{&quot;post_type&quot;:[&quot;us_portfolio&quot;],&quot;tax_query&quot;:[{&quot;taxonomy&quot;:&quot;us_portfolio_category&quot;,&quot;field&quot;:&quot;slug&quot;,&quot;terms&quot;:[&quot;Stellplatze&quot;]}],&quot;post_status&quot;:[&quot;publish&quot;,&quot;dp-rewrite-republish&quot;],&quot;posts_per_page&quot;:999},&quot;orderby_query_args&quot;:{&quot;orderby&quot;:{&quot;date&quot;:&quot;DESC&quot;}},&quot;type&quot;:&quot;grid&quot;,&quot;us_grid_ajax_index&quot;:1,&quot;us_grid_filter_params&quot;:null,&quot;us_grid_index&quot;:1,&quot;_us_grid_post_type&quot;:&quot;us_portfolio&quot;,&quot;lang&quot;:&quot;de&quot;}}'><\/div>\r\n\t<\/div><\/div><\/div><\/div><\/div><\/div><\/section>\n","protected":false},"excerpt":{"rendered":"StartPortfolioStellpl\u00e4tze \u00bb Wohnwagen (1-8 pers) Descrizione F\u00fcr Reservierungen im Voraus ist ein Mindestaufenthalt von 3 or 5 N\u00e4chten erforderlich. Bei k\u00fcrzerem Aufenthalt bitten wir um direkte Anreise ohne Vorausbuchung. Ausgezeichnete Lage, vor Ihnen der Ausblick auf die Stadt des Palio und hinter Ihnen die H\u00fcgel des Chianti. Sehr gut verbunden mit dem alten Zentrum der...","protected":false},"author":1,"featured_media":0,"parent":0,"menu_order":0,"comment_status":"closed","ping_status":"closed","template":"","meta":[],"yoast_head":"<!-- This site is optimized with the Yoast SEO plugin v16.2 - https:\/\/yoast.com\/wordpress\/plugins\/seo\/ -->\n<title>Stellpl\u00e4tze - Siena Camping Colleverde, Campingplatz mit Pool, Feriendorf Toskana<\/title>\n<meta name=\"description\" content=\"Campingplatz und Dorf in Siena, in der Toskana mit Wohnwagen, Bungalowzelt, Vorzelt und Platz f\u00fcr Zelte, Campingwagen und Wohnwagen.\" \/>\n<meta name=\"robots\" content=\"index, follow, max-snippet:-1, max-image-preview:large, max-video-preview:-1\" \/>\n<link rel=\"canonical\" href=\"https:\/\/sienacamping.com\/de\/stellplaetze\/\" \/>\n<meta property=\"og:locale\" content=\"de_DE\" \/>\n<meta property=\"og:type\" content=\"article\" \/>\n<meta property=\"og:title\" content=\"Stellpl\u00e4tze - Siena Camping Colleverde, Campingplatz mit Pool, Feriendorf Toskana\" \/>\n<meta property=\"og:description\" content=\"Campingplatz und Dorf in Siena, in der Toskana mit Wohnwagen, Bungalowzelt, Vorzelt und Platz f\u00fcr Zelte, Campingwagen und Wohnwagen.\" \/>\n<meta property=\"og:url\" content=\"https:\/\/sienacamping.com\/de\/stellplaetze\/\" \/>\n<meta property=\"og:site_name\" content=\"Siena Camping\" \/>\n<meta property=\"article:modified_time\" content=\"2021-05-13T13:37:54+00:00\" \/>\n<meta name=\"twitter:card\" content=\"summary_large_image\" \/>\n<meta name=\"twitter:label1\" content=\"Gesch\u00e4tzte Lesezeit\">\n\t<meta name=\"twitter:data1\" content=\"1\u00a0Minute\">\n<script type=\"application\/ld+json\" class=\"yoast-schema-graph\">{\"@context\":\"https:\/\/schema.org\",\"@graph\":[{\"@type\":\"WebSite\",\"@id\":\"https:\/\/sienacamping.com\/#website\",\"url\":\"https:\/\/sienacamping.com\/\",\"name\":\"Siena Camping\",\"description\":\"\",\"potentialAction\":[{\"@type\":\"SearchAction\",\"target\":\"https:\/\/sienacamping.com\/?s={search_term_string}\",\"query-input\":\"required name=search_term_string\"}],\"inLanguage\":\"de\"},{\"@type\":\"WebPage\",\"@id\":\"https:\/\/sienacamping.com\/de\/stellplaetze\/#webpage\",\"url\":\"https:\/\/sienacamping.com\/de\/stellplaetze\/\",\"name\":\"Stellpl\\u00e4tze - Siena Camping Colleverde, Campingplatz mit Pool, Feriendorf Toskana\",\"isPartOf\":{\"@id\":\"https:\/\/sienacamping.com\/#website\"},\"datePublished\":\"2021-05-04T14:27:05+00:00\",\"dateModified\":\"2021-05-13T13:37:54+00:00\",\"description\":\"Campingplatz und Dorf in Siena, in der Toskana mit Wohnwagen, Bungalowzelt, Vorzelt und Platz f\\u00fcr Zelte, Campingwagen und Wohnwagen.\",\"breadcrumb\":{\"@id\":\"https:\/\/sienacamping.com\/de\/stellplaetze\/#breadcrumb\"},\"inLanguage\":\"de\",\"potentialAction\":[{\"@type\":\"ReadAction\",\"target\":[\"https:\/\/sienacamping.com\/de\/stellplaetze\/\"]}]},{\"@type\":\"BreadcrumbList\",\"@id\":\"https:\/\/sienacamping.com\/de\/stellplaetze\/#breadcrumb\",\"itemListElement\":[{\"@type\":\"ListItem\",\"position\":1,\"item\":{\"@type\":\"WebPage\",\"@id\":\"https:\/\/sienacamping.com\/de\/\",\"url\":\"https:\/\/sienacamping.com\/de\/\",\"name\":\"Home\"}},{\"@type\":\"ListItem\",\"position\":2,\"item\":{\"@id\":\"https:\/\/sienacamping.com\/de\/stellplaetze\/#webpage\"}}]}]}<\/script>\n<!-- \/ Yoast SEO plugin. -->","_links":{"self":[{"href":"https:\/\/sienacamping.com\/de\/wp-json\/wp\/v2\/pages\/1475"}],"collection":[{"href":"https:\/\/sienacamping.com\/de\/wp-json\/wp\/v2\/pages"}],"about":[{"href":"https:\/\/sienacamping.com\/de\/wp-json\/wp\/v2\/types\/page"}],"author":[{"embeddable":true,"href":"https:\/\/sienacamping.com\/de\/wp-json\/wp\/v2\/users\/1"}],"replies":[{"embeddable":true,"href":"https:\/\/sienacamping.com\/de\/wp-json\/wp\/v2\/comments?post=1475"}],"version-history":[{"count":2,"href":"https:\/\/sienacamping.com\/de\/wp-json\/wp\/v2\/pages\/1475\/revisions"}],"predecessor-version":[{"id":1824,"href":"https:\/\/sienacamping.com\/de\/wp-json\/wp\/v2\/pages\/1475\/revisions\/1824"}],"wp:attachment":[{"href":"https:\/\/sienacamping.com\/de\/wp-json\/wp\/v2\/media?parent=1475"}],"curies":[{"name":"wp","href":"https:\/\/api.w.org\/{rel}","templated":true}]}}