{"id":1304,"date":"2021-05-04T13:58:23","date_gmt":"2021-05-04T13:58:23","guid":{"rendered":"https:\/\/sienacamping.com\/die-via-francigena\/"},"modified":"2021-05-04T13:58:23","modified_gmt":"2021-05-04T13:58:23","slug":"die-via-francigena","status":"publish","type":"page","link":"https:\/\/sienacamping.com\/de\/die-via-francigena\/","title":{"rendered":"Die Via Francigena"},"content":{"rendered":"<section class=\"l-section wpb_row height_auto\"><div class=\"l-section-h i-cf\"><div class=\"g-cols vc_row type_default valign_top\"><div class=\"vc_col-sm-12 wpb_column vc_column_container\"><div class=\"vc_column-inner\"><div class=\"wpb_wrapper\"><div class=\"ult-spacer spacer-69db0761207b1\" data-id=\"69db0761207b1\" data-height=\"50\" data-height-mobile=\"50\" data-height-tab=\"50\" data-height-tab-portrait=\"\" data-height-mobile-landscape=\"\" style=\"clear:both;display:block;\"><\/div><div class=\"wpb_text_column\" ><div class=\"wpb_wrapper\"><h2 class=\"com-typo__lead-title mod-internal-heading__title\">Die Via Francigena<\/h2>\n<\/div><\/div><div class=\"g-cols wpb_row  type_default valign_top vc_inner\"><div class=\"vc_col-sm-3 wpb_column vc_column_container\"><div class=\"vc_column-inner\"><div class=\"wpb_wrapper\"><div class=\"w-hwrapper us_custom_0db20381 align_left valign_top\"><div class=\"ult-spacer spacer-69db076121118\" data-id=\"69db076121118\" data-height=\"5\" data-height-mobile=\"5\" data-height-tab=\"5\" data-height-tab-portrait=\"\" data-height-mobile-landscape=\"\" style=\"clear:both;display:block;\"><\/div><\/div><\/div><\/div><\/div><div class=\"vc_col-sm-3 wpb_column vc_column_container\"><div class=\"vc_column-inner\"><div class=\"wpb_wrapper\"><\/div><\/div><\/div><div class=\"vc_col-sm-3 wpb_column vc_column_container\"><div class=\"vc_column-inner\"><div class=\"wpb_wrapper\"><\/div><\/div><\/div><div class=\"vc_col-sm-3 wpb_column vc_column_container\"><div class=\"vc_column-inner\"><div class=\"wpb_wrapper\"><\/div><\/div><\/div><\/div><div class=\"ult-spacer spacer-69db0761212ce\" data-id=\"69db0761212ce\" data-height=\"40\" data-height-mobile=\"40\" data-height-tab=\"40\" data-height-tab-portrait=\"\" data-height-mobile-landscape=\"\" style=\"clear:both;display:block;\"><\/div><\/div><\/div><\/div><\/div><\/div><\/section><!-- Row Backgrounds --><div class=\"upb_color\" data-bg-override=\"0\" data-bg-color=\"#e8e8e8\" data-fadeout=\"\" data-fadeout-percentage=\"30\" data-parallax-content=\"\" data-parallax-content-sense=\"30\" data-row-effect-mobile-disable=\"true\" data-img-parallax-mobile-disable=\"true\" data-rtl=\"false\"  data-custom-vc-row=\"\"  data-vc=\"6.6.0\"  data-is_old_vc=\"\"  data-theme-support=\"\"   data-overlay=\"false\" data-overlay-color=\"\" data-overlay-pattern=\"\" data-overlay-pattern-opacity=\"\" data-overlay-pattern-size=\"\"    ><\/div><section class=\"l-section wpb_row height_medium\"><div class=\"l-section-h i-cf\"><div class=\"g-cols vc_row type_default valign_top\"><div class=\"vc_col-sm-6 wpb_column vc_column_container\"><div class=\"vc_column-inner\"><div class=\"wpb_wrapper\"><div class=\"wpb_text_column\" ><div class=\"wpb_wrapper\"><p class=\"com-typo__subtitle com-typo__subtitle--little\">Die <strong>via Francigena<\/strong> Die Via Francigena ist ein Pilgerweg auf dem fr\u00fcher Tausende Pilger auf der Reise nach Rom entlanggingen. Die Historie besagt, dass Sigerico, Erzbischof von Canterbury, als er sich f\u00fcr einen Besuch bei Papst Johannes XV nach Rom begab, sie als Via Francigena bezeichnete, und so kam es zur Entstehung von einem der bedeutendsten Pilgerwege. Ein Weg, der von Canterbury nach Rom f\u00fchrte und im Mittelalter einen der wichtigsten, europ\u00e4ischen Kommunikationswege darstellte.<br \/>\nEs ist bekannt, dass dieser Weg f\u00fcr die Menschen seine Anziehungskraft aus drei Punkten bezieht: Rom, der Schauplatz des Martyriums von Petrus und Paulus, Begr\u00fcnder der Christengemeinde; die Heilige Erde, der Sitz von Golgota, wo die Stationen des Leidens Christi aufgesucht wurden; Santiago de Compostela, \u00e4u\u00dferster Punkt Westeuropas, wo sich der Apostel Jakob zur Ruhe setzte.<br \/>\nUnd so verwandelte Europa sich in eine gro\u00dfe Ansammlung von Stra\u00dfen und Wegen, die alle an den Orten der Wallfahrt zusammentrafen.<br \/>\nDer Weg der Via Francigena \u00fcberquert die Alpen im Aosta-Tal und steigt ab ins Piemont und in die Lombardei auf der Ebene von Padua. Sie \u00fcberquert den Apennin Richtung Berceto, durchquert die Toskana und das Latium, um in Rom anzugelangen.<br \/>\nNoch heute kann man auf unserem Gebiet Fragmente und Erinnerungen jener Routen nachsp\u00fcren, aus denen die Geschichte Europas besteht.<br \/>\nDie Via Francigena erstreckt sich auf eine Distanz von 1.600 Kilometern ab Canterbury und kommt in Dover an, um dort den \u00c4rmelkanal zu \u00fcberqueren; von Calais, \u00fcber Reims, Besan\u00e7on und Lausanne, kommt man an die Alpen, die man am Sankt Gotthard \u00fcberquerte. Vom Aosta-Tal aus steigt man bei Vercelli (Pavia) ab und \u00fcberquert den Apennin zwischen den Provinzen Parma und Piacenza. Von Petromilo geht man weiter bis Lucca, Porcari, Altoascio, San Gimignano, Poggibonsi, Siena, Viterbo, um bei Rom am Ziel zu sein.<\/p>\n<p><strong>Von Monteriggioni a Siena<\/strong><br \/>\nAbreiseort: Monteriggioni, Piazza Roma<br \/>\nAnkunftsort: Siena, Piazza del Campo<br \/>\nGesamtdauer: 4h 30&#8242;<br \/>\nZur\u00fcckgelegte Distanz (km): 20,5<br \/>\nSchwierigkeitsgrad: Mittel<\/p>\n<p><strong>Klassifizierung<\/strong><br \/>\nEmpfohlene Jahreszeit: Fr\u00fchling, Sommer<br \/>\nTransportmittel: zu Fu\u00df, mit dem Fahrrad<\/p>\n<p><strong>Spezifikationen<\/strong><br \/>\nAsphaltierte Abschnitte (%): 42<br \/>\nSchotterstra\u00dfen (%): 33<br \/>\nSaumpfad und Wege (%): 25<br \/>\nH\u00f6henunterschied am Anfang (m): 330<br \/>\nH\u00f6henunterschied beim Abstieg (m): 282<br \/>\nMaximale Quote (m): 354<\/p>\n<p><strong>KARTOGRAPHIE<\/strong><br \/>\nHinweis: Wie komme ich zum Anfangspunkt: Z\u00fcge FS Empoli-Siena, Bahnhof Castellina Scalo. Mit dem Fahrrad befahrbar: 95%<\/p>\n<p><strong>Von Siena nach Ponte D&#8217;Arbia<\/strong><br \/>\nStartpunkt: Siena, Piazza del Campo<br \/>\nEndpunkt: Ponte D&#8217;Arbia, Centro Cresti<br \/>\nGesamtdauer: 6h 20&#8242;<br \/>\nZur\u00fcckgelegte Distanz (km): 28,5<br \/>\nSchwierigkeit: Mittel<\/p>\n<p><strong>Klassifizierung<\/strong><br \/>\nEmpfohlene Jahreszeit: Fr\u00fchling, Sommer, Herbst<br \/>\nTransportmittel: zu Fu\u00df, mit dem Fahrrad<\/p>\n<p><strong>Spezifikationen<\/strong><br \/>\nAphaltierte Abschnitte (%): 30<br \/>\nSchotterwege (%): 69<br \/>\nSaumpfade und Wege (%): 1<br \/>\nH\u00f6henunterscheid beim Aufstieg (m): 234<br \/>\nH\u00f6henunterscheid beim Abstieg (m): 408<br \/>\nMaximale Quote (m): 318<\/p>\n<p><strong>KARTOGRAPHIE<\/strong><br \/>\nHinweis zur Route: Wie komme ich zum Anfangspunkt: Z\u00fcge FS Siena-Grosseto und Empoli-Siena-Chiusi, Bahnhif Siena. Mit dem Fahrrad befahrbar: 100%<\/p>\n<p>Wenn man ihn an einem sch\u00f6nen, sonnigen Tag abl\u00e4uft, kann diese Etappe dank der weiten Panoramenunvergesslich werden. Panoramen, die man von den K\u00e4mmen des Valli d\u2019Arbia genie\u00dft und die zu Spazierg\u00e4ngen entlang unendlicher wei\u00dfer Stra\u00dfen werden. Hinter uns k\u00f6nnen wir das Profil von Siena bewundern, auf die H\u00fcgel am Horizont gebettet. Die Grancia di Cuna, eine festungs\u00e4hnliche, imposante Hofanlage, ist die Hauptattraktion auf diesem Streckenabschnitt. Um ein gutes Restaurant zu finden, muss man bei Isola d\u2019Arbia den Weg kurz verlassen, wohingegen man (das seltene) Wasser auch bei der Grancia di Cuna findet.<\/p>\n<\/div><\/div><\/div><\/div><\/div><div class=\"vc_col-sm-6 wpb_column vc_column_container\"><div class=\"vc_column-inner\"><div class=\"wpb_wrapper\"><div class=\"w-slider style_none fit_scaledown\"><div class=\"w-slider-h\"><div class=\"royalSlider\"><div class=\"rsContent\"><a class=\"rsImg\" data-rsw=\"1024\" data-rsh=\"576\" href=\"https:\/\/sienacamping.com\/wp-content\/uploads\/2021\/04\/siena-camping-media-panoramiche9-1024x576.jpeg\"><span data-alt=\"\"><\/span><\/a><\/div><div class=\"rsContent\"><a class=\"rsImg\" data-rsw=\"1024\" data-rsh=\"576\" href=\"https:\/\/sienacamping.com\/wp-content\/uploads\/2021\/04\/siena-camping-media-panoramiche8-1024x576.jpeg\"><span data-alt=\"\"><\/span><\/a><\/div><div class=\"rsContent\"><a class=\"rsImg\" data-rsw=\"1024\" data-rsh=\"576\" href=\"https:\/\/sienacamping.com\/wp-content\/uploads\/2021\/04\/siena-camping-media-panoramiche7-1024x576.jpeg\"><span data-alt=\"\"><\/span><\/a><\/div><div class=\"rsContent\"><a class=\"rsImg\" data-rsw=\"1024\" data-rsh=\"576\" href=\"https:\/\/sienacamping.com\/wp-content\/uploads\/2021\/04\/siena-camping-media-panoramiche6-1024x576.jpeg\"><span data-alt=\"\"><\/span><\/a><\/div><div class=\"rsContent\"><a class=\"rsImg\" data-rsw=\"1024\" data-rsh=\"576\" href=\"https:\/\/sienacamping.com\/wp-content\/uploads\/2021\/04\/siena-camping-media-panoramiche3-1024x576.jpeg\"><span data-alt=\"\"><\/span><\/a><\/div><div class=\"rsContent\"><a class=\"rsImg\" data-rsw=\"1024\" data-rsh=\"576\" href=\"https:\/\/sienacamping.com\/wp-content\/uploads\/2021\/04\/siena-camping-media-panoramiche12-1024x576.jpeg\"><span data-alt=\"\"><\/span><\/a><\/div><div class=\"rsContent\"><a class=\"rsImg\" data-rsw=\"1024\" data-rsh=\"576\" href=\"https:\/\/sienacamping.com\/wp-content\/uploads\/2021\/04\/siena-camping-media-dintorni14-1024x576.jpeg\"><span data-alt=\"\"><\/span><\/a><\/div><div class=\"rsContent\"><a class=\"rsImg\" data-rsw=\"1024\" data-rsh=\"576\" href=\"https:\/\/sienacamping.com\/wp-content\/uploads\/2021\/04\/siena-camping-media-dintorni10-1024x576.jpeg\"><span data-alt=\"\"><\/span><\/a><\/div><div class=\"rsContent\"><a class=\"rsImg\" data-rsw=\"1024\" data-rsh=\"576\" href=\"https:\/\/sienacamping.com\/wp-content\/uploads\/2021\/04\/siena-camping-media-panoramiche2-1024x576.jpeg\"><span data-alt=\"\"><\/span><\/a><\/div><div class=\"rsContent\"><a class=\"rsImg\" data-rsw=\"1024\" data-rsh=\"576\" href=\"https:\/\/sienacamping.com\/wp-content\/uploads\/2021\/04\/siena-camping-media-panoramiche1-1024x576.jpeg\"><span data-alt=\"\"><\/span><\/a><\/div><\/div><img src=\"https:\/\/sienacamping.com\/wp-content\/uploads\/2021\/04\/siena-camping-media-panoramiche9-1024x576.jpeg\" width=\"1024\" height=\"576\" alt loading=\"lazy\"><\/div><div class=\"w-slider-json\" onclick='return {&quot;loop&quot;:true,&quot;fadeInLoadedSlide&quot;:false,&quot;slidesSpacing&quot;:0,&quot;imageScalePadding&quot;:0,&quot;numImagesToPreload&quot;:2,&quot;arrowsNav&quot;:true,&quot;arrowsNavAutoHide&quot;:false,&quot;transitionType&quot;:&quot;move&quot;,&quot;transitionSpeed&quot;:300,&quot;block&quot;:{&quot;moveEffect&quot;:&quot;none&quot;,&quot;speed&quot;:300},&quot;controlNavigation&quot;:&quot;none&quot;,&quot;imageScaleMode&quot;:&quot;fit-if-smaller&quot;,&quot;autoScaleSlider&quot;:true,&quot;autoScaleSliderWidth&quot;:1024,&quot;autoScaleSliderHeight&quot;:576,&quot;fitInViewport&quot;:false}'><\/div><\/div><\/div><\/div><\/div><\/div><\/div><\/section>\n","protected":false},"excerpt":{"rendered":"Die Via Francigena Die via Francigena Die Via Francigena ist ein Pilgerweg auf dem fr\u00fcher Tausende Pilger auf der Reise nach Rom entlanggingen. Die Historie besagt, dass Sigerico, Erzbischof von Canterbury, als er sich f\u00fcr einen Besuch bei Papst Johannes XV nach Rom begab, sie als Via Francigena bezeichnete, und so kam es zur Entstehung...","protected":false},"author":1,"featured_media":0,"parent":0,"menu_order":0,"comment_status":"closed","ping_status":"closed","template":"","meta":[],"yoast_head":"<!-- This site is optimized with the Yoast SEO plugin v16.2 - https:\/\/yoast.com\/wordpress\/plugins\/seo\/ -->\n<title>Die Via Francigena - Siena Camping Colleverde, Campingplatz mit Pool, Feriendorf Toskana<\/title>\n<meta name=\"description\" content=\"Campingplatz Colleverde in Siena, Toskana. In der historischen Altsadt gelegen und ideal f\u00fcr \u00dcbernachtungen in der N\u00e4he der Via Francigena.\" \/>\n<meta name=\"robots\" content=\"index, follow, max-snippet:-1, max-image-preview:large, max-video-preview:-1\" \/>\n<link rel=\"canonical\" href=\"https:\/\/sienacamping.com\/de\/die-via-francigena\/\" \/>\n<meta property=\"og:locale\" content=\"de_DE\" \/>\n<meta property=\"og:type\" content=\"article\" \/>\n<meta property=\"og:title\" content=\"Die Via Francigena - Siena Camping Colleverde, Campingplatz mit Pool, Feriendorf Toskana\" \/>\n<meta property=\"og:description\" content=\"Campingplatz Colleverde in Siena, Toskana. In der historischen Altsadt gelegen und ideal f\u00fcr \u00dcbernachtungen in der N\u00e4he der Via Francigena.\" \/>\n<meta property=\"og:url\" content=\"https:\/\/sienacamping.com\/de\/die-via-francigena\/\" \/>\n<meta property=\"og:site_name\" content=\"Siena Camping\" \/>\n<meta name=\"twitter:card\" content=\"summary_large_image\" \/>\n<meta name=\"twitter:label1\" content=\"Gesch\u00e4tzte Lesezeit\">\n\t<meta name=\"twitter:data1\" content=\"3\u00a0Minuten\">\n<script type=\"application\/ld+json\" class=\"yoast-schema-graph\">{\"@context\":\"https:\/\/schema.org\",\"@graph\":[{\"@type\":\"WebSite\",\"@id\":\"https:\/\/sienacamping.com\/#website\",\"url\":\"https:\/\/sienacamping.com\/\",\"name\":\"Siena Camping\",\"description\":\"\",\"potentialAction\":[{\"@type\":\"SearchAction\",\"target\":\"https:\/\/sienacamping.com\/?s={search_term_string}\",\"query-input\":\"required name=search_term_string\"}],\"inLanguage\":\"de\"},{\"@type\":\"WebPage\",\"@id\":\"https:\/\/sienacamping.com\/de\/die-via-francigena\/#webpage\",\"url\":\"https:\/\/sienacamping.com\/de\/die-via-francigena\/\",\"name\":\"Die Via Francigena - Siena Camping Colleverde, Campingplatz mit Pool, Feriendorf Toskana\",\"isPartOf\":{\"@id\":\"https:\/\/sienacamping.com\/#website\"},\"datePublished\":\"2021-05-04T13:58:23+00:00\",\"dateModified\":\"2021-05-04T13:58:23+00:00\",\"description\":\"Campingplatz Colleverde in Siena, Toskana. In der historischen Altsadt gelegen und ideal f\\u00fcr \\u00dcbernachtungen in der N\\u00e4he der Via Francigena.\",\"breadcrumb\":{\"@id\":\"https:\/\/sienacamping.com\/de\/die-via-francigena\/#breadcrumb\"},\"inLanguage\":\"de\",\"potentialAction\":[{\"@type\":\"ReadAction\",\"target\":[\"https:\/\/sienacamping.com\/de\/die-via-francigena\/\"]}]},{\"@type\":\"BreadcrumbList\",\"@id\":\"https:\/\/sienacamping.com\/de\/die-via-francigena\/#breadcrumb\",\"itemListElement\":[{\"@type\":\"ListItem\",\"position\":1,\"item\":{\"@type\":\"WebPage\",\"@id\":\"https:\/\/sienacamping.com\/de\/\",\"url\":\"https:\/\/sienacamping.com\/de\/\",\"name\":\"Home\"}},{\"@type\":\"ListItem\",\"position\":2,\"item\":{\"@id\":\"https:\/\/sienacamping.com\/de\/die-via-francigena\/#webpage\"}}]}]}<\/script>\n<!-- \/ Yoast SEO plugin. -->","_links":{"self":[{"href":"https:\/\/sienacamping.com\/de\/wp-json\/wp\/v2\/pages\/1304"}],"collection":[{"href":"https:\/\/sienacamping.com\/de\/wp-json\/wp\/v2\/pages"}],"about":[{"href":"https:\/\/sienacamping.com\/de\/wp-json\/wp\/v2\/types\/page"}],"author":[{"embeddable":true,"href":"https:\/\/sienacamping.com\/de\/wp-json\/wp\/v2\/users\/1"}],"replies":[{"embeddable":true,"href":"https:\/\/sienacamping.com\/de\/wp-json\/wp\/v2\/comments?post=1304"}],"version-history":[{"count":2,"href":"https:\/\/sienacamping.com\/de\/wp-json\/wp\/v2\/pages\/1304\/revisions"}],"predecessor-version":[{"id":1306,"href":"https:\/\/sienacamping.com\/de\/wp-json\/wp\/v2\/pages\/1304\/revisions\/1306"}],"wp:attachment":[{"href":"https:\/\/sienacamping.com\/de\/wp-json\/wp\/v2\/media?parent=1304"}],"curies":[{"name":"wp","href":"https:\/\/api.w.org\/{rel}","templated":true}]}}