{"id":1301,"date":"2021-05-04T13:53:33","date_gmt":"2021-05-04T13:53:33","guid":{"rendered":"https:\/\/sienacamping.com\/siena\/"},"modified":"2021-05-04T13:53:33","modified_gmt":"2021-05-04T13:53:33","slug":"siena","status":"publish","type":"page","link":"https:\/\/sienacamping.com\/de\/siena\/","title":{"rendered":"Siena"},"content":{"rendered":"<section class=\"l-section wpb_row height_auto\"><div class=\"l-section-h i-cf\"><div class=\"g-cols vc_row type_default valign_top\"><div class=\"vc_col-sm-12 wpb_column vc_column_container\"><div class=\"vc_column-inner\"><div class=\"wpb_wrapper\"><div class=\"ult-spacer spacer-69d502a644101\" data-id=\"69d502a644101\" data-height=\"50\" data-height-mobile=\"50\" data-height-tab=\"50\" data-height-tab-portrait=\"\" data-height-mobile-landscape=\"\" style=\"clear:both;display:block;\"><\/div><div class=\"wpb_text_column\" ><div class=\"wpb_wrapper\"><h2 class=\"com-typo__lead-title mod-internal-heading__title\">Die Stadt Siena<\/h2>\n<\/div><\/div><div class=\"g-cols wpb_row  type_default valign_top vc_inner\"><div class=\"vc_col-sm-3 wpb_column vc_column_container\"><div class=\"vc_column-inner\"><div class=\"wpb_wrapper\"><div class=\"w-hwrapper us_custom_0db20381 align_left valign_top\"><div class=\"ult-spacer spacer-69d502a644a09\" data-id=\"69d502a644a09\" data-height=\"5\" data-height-mobile=\"5\" data-height-tab=\"5\" data-height-tab-portrait=\"\" data-height-mobile-landscape=\"\" style=\"clear:both;display:block;\"><\/div><\/div><\/div><\/div><\/div><div class=\"vc_col-sm-3 wpb_column vc_column_container\"><div class=\"vc_column-inner\"><div class=\"wpb_wrapper\"><\/div><\/div><\/div><div class=\"vc_col-sm-3 wpb_column vc_column_container\"><div class=\"vc_column-inner\"><div class=\"wpb_wrapper\"><\/div><\/div><\/div><div class=\"vc_col-sm-3 wpb_column vc_column_container\"><div class=\"vc_column-inner\"><div class=\"wpb_wrapper\"><\/div><\/div><\/div><\/div><div class=\"ult-spacer spacer-69d502a644b42\" data-id=\"69d502a644b42\" data-height=\"40\" data-height-mobile=\"40\" data-height-tab=\"40\" data-height-tab-portrait=\"\" data-height-mobile-landscape=\"\" style=\"clear:both;display:block;\"><\/div><\/div><\/div><\/div><\/div><\/div><\/section><!-- Row Backgrounds --><div class=\"upb_color\" data-bg-override=\"0\" data-bg-color=\"#e8e8e8\" data-fadeout=\"\" data-fadeout-percentage=\"30\" data-parallax-content=\"\" data-parallax-content-sense=\"30\" data-row-effect-mobile-disable=\"true\" data-img-parallax-mobile-disable=\"true\" data-rtl=\"false\"  data-custom-vc-row=\"\"  data-vc=\"6.6.0\"  data-is_old_vc=\"\"  data-theme-support=\"\"   data-overlay=\"false\" data-overlay-color=\"\" data-overlay-pattern=\"\" data-overlay-pattern-opacity=\"\" data-overlay-pattern-size=\"\"    ><\/div><section class=\"l-section wpb_row height_medium\"><div class=\"l-section-h i-cf\"><div class=\"g-cols vc_row type_default valign_top\"><div class=\"vc_col-sm-6 wpb_column vc_column_container\"><div class=\"vc_column-inner\"><div class=\"wpb_wrapper\"><div class=\"wpb_text_column\" ><div class=\"wpb_wrapper\"><h3 class=\"com-typo__subtitle com-typo__subtitle--little\">Geschichte, Kunst und Kultur entdecken<\/h3>\n<div class=\"com-typo__text-block\">Geheimnisse und Legenden begleiten die Gr\u00fcndung der Stadt <strong>Siena<\/strong>: vielleicht von den Etruskern, den Galliern oder den R\u00f6mern gegr\u00fcndet. Die ber\u00fchmteste Sage erz\u00e4hlt, dass im 8. Jahrhundert vor Christus Senio e Aschio, S\u00f6hne von Remus, aus Rom vor ihrem grausamen Onkel Romulus flohen, bei sich die ber\u00fchmte Statue der W\u00f6lfin, die die beiden Zwilling s\u00e4ugt. In der N\u00e4he des Flusses Tressa angelangt, errrichteten sie eine Burg, die sie Castelvecchio nannten, und an diesem Ort enstand sp\u00e4ter dann wom\u00f6glich Siena.<br \/>\nEine erste ernsthafte Entwicklung der Stadt geschah in der Hauptsache im Laufe des Mittelalters, dank ihrer strategischen Lage auf verschiedenen Hauptachsen der Zeit: der via Francigena, ein Reiseweg nach Rom, um den niemand herumkam. Heute ist Siena haupts\u00e4chlich ein Ziel f\u00fcr all diejenigen, die <strong>kulturellen Tourismus<\/strong>, also Bildungsreisen, machen m\u00f6chten. Als UNESCO Weltkulturerbe darf die Stadt den Touristen nur von 70 autorisierten Fremdenf\u00fchrern gezeigt werden.<\/p>\n<p>Auf Spazierg\u00e4ngen durch die Stra\u00dfen entdeckt man einen wahrhaften Schatz der Kunst und des Handwerks. L\u00e4den, in denen Weber, T\u00f6pfer, Schuster, Lederwarenh\u00e4ndler, Bildhauer mit Leidenschaft und hoher traditioneller Kunstfertigkeit arbeiten, mit Techniken, die \u00fcber Generationen hinweg weitergegeben wurden.<br \/>\nSchon zu Beginn des ersten Jahrtausends hatten die Seneser die Vorz\u00fcge ihrer H\u00fcgel entdeckt. H\u00fcgel reich an einer Tonerde, die sich f\u00fcr die Gestaltung von Figuren und Geschirr eignete. Das Brennen derselben verlieh Siena die warmen Rott\u00f6ne der Pal\u00e4ste und seiner Pl\u00e4tze. Auch heute noch brennen die wieder restaurierten historischen \u00d6fen zusammen mit neuen und topmodernen \u00d6fen Keramikobjekte und halten eine Tradition am Leben von Keramikobjekten wie Kr\u00fcgen, Blumenst\u00e4ndern, Lampen, Aschenbechern, alle entweder in den warmen, goldenen Farbt\u00f6nen der Sieneser H\u00fcgel gehalten oder mit den Farben der Stadt angemalt: Wei\u00df und Schwarz. Typisch sind die <strong>Glocken von Santa Lucia<\/strong>: ein Terrakotta-Talisman, von Hand bemalt, in den Farben der Contrade, der Stadtteile von Siena. Traditionell kauft man sie am Santa Lucia Tag in der Stra\u00dfe Pian dei Mantellini und verschenkt sie an Kinder, weil diese so durch die Glocken von den b\u00f6sen Wintergeistern getrennt werden.<\/p>\n<p>In den engen Gassen der Stadt gibt es auch Tuchwerkst\u00e4tten zu entdecken, wo mit Naturfarben gef\u00e4rbte Wolle am Webstuhl verarbeitet wird, wie schon 500 Jahre zuvor, wie auch die Werkstatt des Schmieds, wo man das Eisen mit althergebrachten Techniken und Werkzeugen bearbeitet und dann auch Kunstwerkst\u00e4tten, wo K\u00fcnstler sch\u00f6ne Werke ber\u00fchmter Sieneser Maler, die zwischen 1200 und 1500 hier lebten, mit neuen Techniken kunstvoll reproduzieren.<\/p>\n<\/div>\n<\/div><\/div><\/div><\/div><\/div><div class=\"vc_col-sm-6 wpb_column vc_column_container\"><div class=\"vc_column-inner\"><div class=\"wpb_wrapper\"><div class=\"w-slider style_none fit_scaledown\"><div class=\"w-slider-h\"><div class=\"royalSlider\"><div class=\"rsContent\"><a class=\"rsImg\" data-rsw=\"1024\" data-rsh=\"576\" href=\"https:\/\/sienacamping.com\/wp-content\/uploads\/2021\/04\/siena-camping-media-dintorni25-1024x576.jpeg\"><span data-alt=\"\"><\/span><\/a><\/div><div class=\"rsContent\"><a class=\"rsImg\" data-rsw=\"1024\" data-rsh=\"576\" href=\"https:\/\/sienacamping.com\/wp-content\/uploads\/2021\/04\/siena-camping-media-dintorni16-1024x576.jpeg\"><span data-alt=\"\"><\/span><\/a><\/div><div class=\"rsContent\"><a class=\"rsImg\" data-rsw=\"1024\" data-rsh=\"576\" href=\"https:\/\/sienacamping.com\/wp-content\/uploads\/2021\/04\/siena-camping-media-dintorni17-1024x576.jpeg\"><span data-alt=\"\"><\/span><\/a><\/div><div class=\"rsContent\"><a class=\"rsImg\" data-rsw=\"1024\" data-rsh=\"576\" href=\"https:\/\/sienacamping.com\/wp-content\/uploads\/2021\/04\/siena-camping-media-dintorni24-1024x576.jpeg\"><span data-alt=\"\"><\/span><\/a><\/div><div class=\"rsContent\"><a class=\"rsImg\" data-rsw=\"1024\" data-rsh=\"576\" href=\"https:\/\/sienacamping.com\/wp-content\/uploads\/2021\/04\/siena-camping-media-dintorni12-1024x576.jpeg\"><span data-alt=\"\"><\/span><\/a><\/div><div class=\"rsContent\"><a class=\"rsImg\" data-rsw=\"1024\" data-rsh=\"576\" href=\"https:\/\/sienacamping.com\/wp-content\/uploads\/2021\/04\/siena-camping-media-dintorni14-1024x576.jpeg\"><span data-alt=\"\"><\/span><\/a><\/div><div class=\"rsContent\"><a class=\"rsImg\" data-rsw=\"1024\" data-rsh=\"576\" href=\"https:\/\/sienacamping.com\/wp-content\/uploads\/2021\/04\/siena-camping-media-dintorni6-1024x576.jpeg\"><span data-alt=\"\"><\/span><\/a><\/div><\/div><img src=\"https:\/\/sienacamping.com\/wp-content\/uploads\/2021\/04\/siena-camping-media-dintorni25-1024x576.jpeg\" width=\"1024\" height=\"576\" alt loading=\"lazy\"><\/div><div class=\"w-slider-json\" onclick='return {&quot;loop&quot;:true,&quot;fadeInLoadedSlide&quot;:false,&quot;slidesSpacing&quot;:0,&quot;imageScalePadding&quot;:0,&quot;numImagesToPreload&quot;:2,&quot;arrowsNav&quot;:true,&quot;arrowsNavAutoHide&quot;:false,&quot;transitionType&quot;:&quot;move&quot;,&quot;transitionSpeed&quot;:300,&quot;block&quot;:{&quot;moveEffect&quot;:&quot;none&quot;,&quot;speed&quot;:300},&quot;controlNavigation&quot;:&quot;none&quot;,&quot;imageScaleMode&quot;:&quot;fit-if-smaller&quot;,&quot;autoScaleSlider&quot;:true,&quot;autoScaleSliderWidth&quot;:1024,&quot;autoScaleSliderHeight&quot;:576,&quot;fitInViewport&quot;:false}'><\/div><\/div><\/div><\/div><\/div><\/div><\/div><\/section>\n","protected":false},"excerpt":{"rendered":"Die Stadt Siena Geschichte, Kunst und Kultur entdecken Geheimnisse und Legenden begleiten die Gr\u00fcndung der Stadt Siena: vielleicht von den Etruskern, den Galliern oder den R\u00f6mern gegr\u00fcndet. Die ber\u00fchmteste Sage erz\u00e4hlt, dass im 8. Jahrhundert vor Christus Senio e Aschio, S\u00f6hne von Remus, aus Rom vor ihrem grausamen Onkel Romulus flohen, bei sich die ber\u00fchmte...","protected":false},"author":1,"featured_media":0,"parent":0,"menu_order":0,"comment_status":"closed","ping_status":"closed","template":"","meta":[],"yoast_head":"<!-- This site is optimized with the Yoast SEO plugin v16.2 - https:\/\/yoast.com\/wordpress\/plugins\/seo\/ -->\n<title>Siena - Siena Camping Colleverde, Campingplatz mit Pool, Feriendorf Toskana<\/title>\n<meta name=\"description\" content=\"Campingplatz in Siena, in der Toskana, f\u00fcr einen Urlaub mit Entspannung und Kultur. Campingplatz in der etruskishen Stadt Siena. Sehensw\u00fcrdigkeiten entdecken.\" \/>\n<meta name=\"robots\" content=\"index, follow, max-snippet:-1, max-image-preview:large, max-video-preview:-1\" \/>\n<link rel=\"canonical\" href=\"https:\/\/sienacamping.com\/de\/siena\/\" \/>\n<meta property=\"og:locale\" content=\"de_DE\" \/>\n<meta property=\"og:type\" content=\"article\" \/>\n<meta property=\"og:title\" content=\"Siena - Siena Camping Colleverde, Campingplatz mit Pool, Feriendorf Toskana\" \/>\n<meta property=\"og:description\" content=\"Campingplatz in Siena, in der Toskana, f\u00fcr einen Urlaub mit Entspannung und Kultur. Campingplatz in der etruskishen Stadt Siena. Sehensw\u00fcrdigkeiten entdecken.\" \/>\n<meta property=\"og:url\" content=\"https:\/\/sienacamping.com\/de\/siena\/\" \/>\n<meta property=\"og:site_name\" content=\"Siena Camping\" \/>\n<meta name=\"twitter:card\" content=\"summary_large_image\" \/>\n<meta name=\"twitter:label1\" content=\"Gesch\u00e4tzte Lesezeit\">\n\t<meta name=\"twitter:data1\" content=\"3\u00a0Minuten\">\n<script type=\"application\/ld+json\" class=\"yoast-schema-graph\">{\"@context\":\"https:\/\/schema.org\",\"@graph\":[{\"@type\":\"WebSite\",\"@id\":\"https:\/\/sienacamping.com\/#website\",\"url\":\"https:\/\/sienacamping.com\/\",\"name\":\"Siena Camping\",\"description\":\"\",\"potentialAction\":[{\"@type\":\"SearchAction\",\"target\":\"https:\/\/sienacamping.com\/?s={search_term_string}\",\"query-input\":\"required name=search_term_string\"}],\"inLanguage\":\"de\"},{\"@type\":\"WebPage\",\"@id\":\"https:\/\/sienacamping.com\/de\/siena\/#webpage\",\"url\":\"https:\/\/sienacamping.com\/de\/siena\/\",\"name\":\"Siena - Siena Camping Colleverde, Campingplatz mit Pool, Feriendorf Toskana\",\"isPartOf\":{\"@id\":\"https:\/\/sienacamping.com\/#website\"},\"datePublished\":\"2021-05-04T13:53:33+00:00\",\"dateModified\":\"2021-05-04T13:53:33+00:00\",\"description\":\"Campingplatz in Siena, in der Toskana, f\\u00fcr einen Urlaub mit Entspannung und Kultur. Campingplatz in der etruskishen Stadt Siena. Sehensw\\u00fcrdigkeiten entdecken.\",\"breadcrumb\":{\"@id\":\"https:\/\/sienacamping.com\/de\/siena\/#breadcrumb\"},\"inLanguage\":\"de\",\"potentialAction\":[{\"@type\":\"ReadAction\",\"target\":[\"https:\/\/sienacamping.com\/de\/siena\/\"]}]},{\"@type\":\"BreadcrumbList\",\"@id\":\"https:\/\/sienacamping.com\/de\/siena\/#breadcrumb\",\"itemListElement\":[{\"@type\":\"ListItem\",\"position\":1,\"item\":{\"@type\":\"WebPage\",\"@id\":\"https:\/\/sienacamping.com\/de\/\",\"url\":\"https:\/\/sienacamping.com\/de\/\",\"name\":\"Home\"}},{\"@type\":\"ListItem\",\"position\":2,\"item\":{\"@id\":\"https:\/\/sienacamping.com\/de\/siena\/#webpage\"}}]}]}<\/script>\n<!-- \/ Yoast SEO plugin. -->","_links":{"self":[{"href":"https:\/\/sienacamping.com\/de\/wp-json\/wp\/v2\/pages\/1301"}],"collection":[{"href":"https:\/\/sienacamping.com\/de\/wp-json\/wp\/v2\/pages"}],"about":[{"href":"https:\/\/sienacamping.com\/de\/wp-json\/wp\/v2\/types\/page"}],"author":[{"embeddable":true,"href":"https:\/\/sienacamping.com\/de\/wp-json\/wp\/v2\/users\/1"}],"replies":[{"embeddable":true,"href":"https:\/\/sienacamping.com\/de\/wp-json\/wp\/v2\/comments?post=1301"}],"version-history":[{"count":2,"href":"https:\/\/sienacamping.com\/de\/wp-json\/wp\/v2\/pages\/1301\/revisions"}],"predecessor-version":[{"id":1303,"href":"https:\/\/sienacamping.com\/de\/wp-json\/wp\/v2\/pages\/1301\/revisions\/1303"}],"wp:attachment":[{"href":"https:\/\/sienacamping.com\/de\/wp-json\/wp\/v2\/media?parent=1301"}],"curies":[{"name":"wp","href":"https:\/\/api.w.org\/{rel}","templated":true}]}}