{"id":1284,"date":"2021-05-04T13:32:22","date_gmt":"2021-05-04T13:32:22","guid":{"rendered":"https:\/\/sienacamping.com\/wo-sind-wir\/"},"modified":"2021-05-04T13:32:22","modified_gmt":"2021-05-04T13:32:22","slug":"wo-sind-wir","status":"publish","type":"page","link":"https:\/\/sienacamping.com\/de\/wo-sind-wir\/","title":{"rendered":"Wo sind wir"},"content":{"rendered":"<section class=\"l-section wpb_row height_auto\"><div class=\"l-section-h i-cf\"><div class=\"g-cols vc_row type_default valign_top\"><div class=\"vc_col-sm-12 wpb_column vc_column_container\"><div class=\"vc_column-inner\"><div class=\"wpb_wrapper\"><div class=\"ult-spacer spacer-69e63d374f081\" data-id=\"69e63d374f081\" data-height=\"50\" data-height-mobile=\"50\" data-height-tab=\"50\" data-height-tab-portrait=\"\" data-height-mobile-landscape=\"\" style=\"clear:both;display:block;\"><\/div><div class=\"wpb_text_column\" ><div class=\"wpb_wrapper\"><h1 class=\"com-typo__lead-title mod-internal-heading__title mod-internal-heading__title--margin\">Camping Siena Colleverde<\/h1>\n<\/div><\/div><div class=\"g-cols wpb_row  type_default valign_top vc_inner\"><div class=\"vc_col-sm-3 wpb_column vc_column_container\"><div class=\"vc_column-inner\"><div class=\"wpb_wrapper\"><div class=\"w-hwrapper us_custom_0db20381 align_left valign_top\"><div class=\"ult-spacer spacer-69e63d374f809\" data-id=\"69e63d374f809\" data-height=\"5\" data-height-mobile=\"5\" data-height-tab=\"5\" data-height-tab-portrait=\"\" data-height-mobile-landscape=\"\" style=\"clear:both;display:block;\"><\/div><\/div><\/div><\/div><\/div><div class=\"vc_col-sm-3 wpb_column vc_column_container\"><div class=\"vc_column-inner\"><div class=\"wpb_wrapper\"><\/div><\/div><\/div><div class=\"vc_col-sm-3 wpb_column vc_column_container\"><div class=\"vc_column-inner\"><div class=\"wpb_wrapper\"><\/div><\/div><\/div><div class=\"vc_col-sm-3 wpb_column vc_column_container\"><div class=\"vc_column-inner\"><div class=\"wpb_wrapper\"><\/div><\/div><\/div><\/div><div class=\"ult-spacer spacer-69e63d374f92a\" data-id=\"69e63d374f92a\" data-height=\"40\" data-height-mobile=\"40\" data-height-tab=\"40\" data-height-tab-portrait=\"\" data-height-mobile-landscape=\"\" style=\"clear:both;display:block;\"><\/div><\/div><\/div><\/div><\/div><\/div><\/section><!-- Row Backgrounds --><div class=\"upb_color\" data-bg-override=\"0\" data-bg-color=\"#e8e8e8\" data-fadeout=\"\" data-fadeout-percentage=\"30\" data-parallax-content=\"\" data-parallax-content-sense=\"30\" data-row-effect-mobile-disable=\"true\" data-img-parallax-mobile-disable=\"true\" data-rtl=\"false\"  data-custom-vc-row=\"\"  data-vc=\"6.6.0\"  data-is_old_vc=\"\"  data-theme-support=\"\"   data-overlay=\"false\" data-overlay-color=\"\" data-overlay-pattern=\"\" data-overlay-pattern-opacity=\"\" data-overlay-pattern-size=\"\"    ><\/div><section class=\"l-section wpb_row us_custom_0db20381 height_auto width_full\"><div class=\"l-section-h i-cf\"><div class=\"g-cols vc_row type_default valign_top\"><div class=\"vc_col-sm-12 wpb_column vc_column_container\"><div class=\"vc_column-inner\"><div class=\"wpb_wrapper\"><div class=\"w-map provider_osm us_map_1\" id=\"us_map_1\"><div class=\"w-map-json\" onclick='return {&quot;address&quot;:&quot;43.3369, 11.3313&quot;,&quot;markers&quot;:[{&quot;address&quot;:&quot;43.3369, 11.3313&quot;,&quot;html&quot;:&quot;&lt;h5&gt;Hey, wir sind hier!&lt;\\\/h5&gt;\\r\\n\\r\\n&lt;h7&gt;&lt;strong&gt;Camping Siena Colleverde&lt;\\\/strong&gt;&lt;\\\/h7&gt;&lt;br&gt;\\r\\n&lt;h7&gt;Strada di Scacciapensieri, 47\\r\\n53100 \\u2013 Siena\\r\\nTel.: +39 0577.334080 \\u2013 +39 0577.601638\\r\\nEmail: info@sienacamping.com&lt;\\\/h7&gt;&quot;,&quot;infowindow&quot;:false}],&quot;zoom&quot;:9,&quot;icon&quot;:{&quot;url&quot;:&quot;https:\\\/\\\/sienacamping.com\\\/wp-content\\\/uploads\\\/2021\\\/04\\\/ICON_PIN-150x150.png&quot;,&quot;size&quot;:[40,40]},&quot;height&quot;:400,&quot;style&quot;:&quot;https:\\\/\\\/{s}.tile.openstreetmap.org\\\/{z}\\\/{x}\\\/{y}.png&quot;,&quot;disableZoom&quot;:true}'><\/div><\/div><\/div><\/div><\/div><\/div><\/div><\/section><!-- Row Backgrounds --><div class=\"upb_color\" data-bg-override=\"0\" data-bg-color=\"#f6c244\" data-fadeout=\"\" data-fadeout-percentage=\"30\" data-parallax-content=\"\" data-parallax-content-sense=\"30\" data-row-effect-mobile-disable=\"true\" data-img-parallax-mobile-disable=\"true\" data-rtl=\"false\"  data-custom-vc-row=\"\"  data-vc=\"6.6.0\"  data-is_old_vc=\"\"  data-theme-support=\"\"   data-overlay=\"false\" data-overlay-color=\"\" data-overlay-pattern=\"\" data-overlay-pattern-opacity=\"\" data-overlay-pattern-size=\"\"    ><\/div><section class=\"l-section wpb_row height_medium\"><div class=\"l-section-h i-cf\"><div class=\"g-cols vc_row type_default valign_top\"><div class=\"vc_col-sm-12 wpb_column vc_column_container\"><div class=\"vc_column-inner\"><div class=\"wpb_wrapper\"><div class=\"wpb_text_column\" ><div class=\"wpb_wrapper\"><h3 class=\"com-typo__subtitle com-typo__subtitle--little\"><strong>Zu Fu\u00df oder mit \u00f6ffentlichen Verkehrsmitteln<\/strong><\/h3>\n<p class=\"com-typo__text-block\">Anreise tags\u00fcber vom Bahnhof FFSS: Bus Nummer 3 in Richtung DUE PONTI oder Bus Nummer 8 bis zum Campingplatz. ZU FUSS sind es von Bahnhof etwa 1.6 km.<br \/>\nBeim Verlassen des Bahnhofs nach links gehen, beim Kreisel wieder nach links und \u00fcber die Br\u00fccke. Am n\u00e4chsten Kreisel dann die erste Ausfahrt links, parallel zum COOP Supermarkt und auch Strada di Malizia, etwa 1 Kilometer geradeaus und dann beim Stop-Schild nach rechts, nach 100 Metern kommt schon der Eingang zum Campingplatz.<\/p>\n<h3 class=\"com-typo__subtitle com-typo__subtitle--little\"><strong>Mit dem Auto (gps n43\u00b0 20&#8242; 15&#8220; e 11\u00b0 19&#8242; 50&#8220;)<\/strong><\/h3>\n<p class=\"com-typo__text-block\"><span style=\"color: #007830;\"><strong>Anreise aus Rom<\/strong><\/span>: Abfahrt bei Val di Chiana\/Bettolle, dann auf der Autobahn (SS Superstrada) nach Siena weiter und an der Ausfahrt Siena Ost (Siena Est) abfahren. Weiter auf der Stra\u00dfe Viale Toselli, der Ausschilderung zum Krankenhaus (ospedale) folgen. In der N\u00e4he vom Krankenhaus angelangt findet ihr dann die Ausschilderung zum Campingplatz.<\/p>\n<p><span style=\"color: #007830;\"><strong>Anreise aus Florenz<\/strong><\/span>: Bei Florenz Certosa (Firenze Certosa) rausfahren und die Autobahn Florenz-Siena (SS Superstrada FI-SI) nehmen. Bei Siena Nord (Siena Nord) abfahren und der Ausschilderung zum Krankenhaus folgen. In der N\u00e4he vom Krankenhaus angelangt findet ihr dann die Ausschilderung zum Campingplatz.<\/p>\n<p><span style=\"color: #007830;\"><strong>Anreise aus Grosseto<\/strong><\/span>: Bei Siena Ost (Siena Est) abfahren und der Stra\u00dfe Viale Toselli in Richtung Krankenhaus folgen. In der N\u00e4he vom Krankenhaus angelangt findet ihr dann die Ausschilderung zum Campingplatz.<\/p>\n<\/div><\/div><\/div><\/div><\/div><\/div><\/div><\/section>\n","protected":false},"excerpt":{"rendered":"Camping Siena Colleverde Zu Fu\u00df oder mit \u00f6ffentlichen Verkehrsmitteln Anreise tags\u00fcber vom Bahnhof FFSS: Bus Nummer 3 in Richtung DUE PONTI oder Bus Nummer 8 bis zum Campingplatz. ZU FUSS sind es von Bahnhof etwa 1.6 km. Beim Verlassen des Bahnhofs nach links gehen, beim Kreisel wieder nach links und \u00fcber die Br\u00fccke. Am n\u00e4chsten...","protected":false},"author":1,"featured_media":0,"parent":0,"menu_order":0,"comment_status":"closed","ping_status":"closed","template":"","meta":[],"yoast_head":"<!-- This site is optimized with the Yoast SEO plugin v16.2 - https:\/\/yoast.com\/wordpress\/plugins\/seo\/ -->\n<title>Wo sind wir - Siena Camping Colleverde, Campingplatz mit Pool, Feriendorf Toskana<\/title>\n<meta name=\"description\" content=\"Campingplatz in Siena, in der Toskana, in der historischen Altstadt gelegen. In der N\u00e4he der H\u00fcgel des Chianti, Montalcinos und Montepulcianos. Mit Pool.\" \/>\n<meta name=\"robots\" content=\"index, follow, max-snippet:-1, max-image-preview:large, max-video-preview:-1\" \/>\n<link rel=\"canonical\" href=\"https:\/\/sienacamping.com\/de\/wo-sind-wir\/\" \/>\n<meta property=\"og:locale\" content=\"de_DE\" \/>\n<meta property=\"og:type\" content=\"article\" \/>\n<meta property=\"og:title\" content=\"Wo sind wir - Siena Camping Colleverde, Campingplatz mit Pool, Feriendorf Toskana\" \/>\n<meta property=\"og:description\" content=\"Campingplatz in Siena, in der Toskana, in der historischen Altstadt gelegen. In der N\u00e4he der H\u00fcgel des Chianti, Montalcinos und Montepulcianos. Mit Pool.\" \/>\n<meta property=\"og:url\" content=\"https:\/\/sienacamping.com\/de\/wo-sind-wir\/\" \/>\n<meta property=\"og:site_name\" content=\"Siena Camping\" \/>\n<meta name=\"twitter:card\" content=\"summary_large_image\" \/>\n<meta name=\"twitter:label1\" content=\"Gesch\u00e4tzte Lesezeit\">\n\t<meta name=\"twitter:data1\" content=\"2\u00a0Minuten\">\n<script type=\"application\/ld+json\" class=\"yoast-schema-graph\">{\"@context\":\"https:\/\/schema.org\",\"@graph\":[{\"@type\":\"WebSite\",\"@id\":\"https:\/\/sienacamping.com\/#website\",\"url\":\"https:\/\/sienacamping.com\/\",\"name\":\"Siena Camping\",\"description\":\"\",\"potentialAction\":[{\"@type\":\"SearchAction\",\"target\":\"https:\/\/sienacamping.com\/?s={search_term_string}\",\"query-input\":\"required name=search_term_string\"}],\"inLanguage\":\"de\"},{\"@type\":\"WebPage\",\"@id\":\"https:\/\/sienacamping.com\/de\/wo-sind-wir\/#webpage\",\"url\":\"https:\/\/sienacamping.com\/de\/wo-sind-wir\/\",\"name\":\"Wo sind wir - Siena Camping Colleverde, Campingplatz mit Pool, Feriendorf Toskana\",\"isPartOf\":{\"@id\":\"https:\/\/sienacamping.com\/#website\"},\"datePublished\":\"2021-05-04T13:32:22+00:00\",\"dateModified\":\"2021-05-04T13:32:22+00:00\",\"description\":\"Campingplatz in Siena, in der Toskana, in der historischen Altstadt gelegen. In der N\\u00e4he der H\\u00fcgel des Chianti, Montalcinos und Montepulcianos. Mit Pool.\",\"breadcrumb\":{\"@id\":\"https:\/\/sienacamping.com\/de\/wo-sind-wir\/#breadcrumb\"},\"inLanguage\":\"de\",\"potentialAction\":[{\"@type\":\"ReadAction\",\"target\":[\"https:\/\/sienacamping.com\/de\/wo-sind-wir\/\"]}]},{\"@type\":\"BreadcrumbList\",\"@id\":\"https:\/\/sienacamping.com\/de\/wo-sind-wir\/#breadcrumb\",\"itemListElement\":[{\"@type\":\"ListItem\",\"position\":1,\"item\":{\"@type\":\"WebPage\",\"@id\":\"https:\/\/sienacamping.com\/de\/\",\"url\":\"https:\/\/sienacamping.com\/de\/\",\"name\":\"Home\"}},{\"@type\":\"ListItem\",\"position\":2,\"item\":{\"@id\":\"https:\/\/sienacamping.com\/de\/wo-sind-wir\/#webpage\"}}]}]}<\/script>\n<!-- \/ Yoast SEO plugin. -->","_links":{"self":[{"href":"https:\/\/sienacamping.com\/de\/wp-json\/wp\/v2\/pages\/1284"}],"collection":[{"href":"https:\/\/sienacamping.com\/de\/wp-json\/wp\/v2\/pages"}],"about":[{"href":"https:\/\/sienacamping.com\/de\/wp-json\/wp\/v2\/types\/page"}],"author":[{"embeddable":true,"href":"https:\/\/sienacamping.com\/de\/wp-json\/wp\/v2\/users\/1"}],"replies":[{"embeddable":true,"href":"https:\/\/sienacamping.com\/de\/wp-json\/wp\/v2\/comments?post=1284"}],"version-history":[{"count":2,"href":"https:\/\/sienacamping.com\/de\/wp-json\/wp\/v2\/pages\/1284\/revisions"}],"predecessor-version":[{"id":1286,"href":"https:\/\/sienacamping.com\/de\/wp-json\/wp\/v2\/pages\/1284\/revisions\/1286"}],"wp:attachment":[{"href":"https:\/\/sienacamping.com\/de\/wp-json\/wp\/v2\/media?parent=1284"}],"curies":[{"name":"wp","href":"https:\/\/api.w.org\/{rel}","templated":true}]}}