{"id":1278,"date":"2021-05-04T12:59:04","date_gmt":"2021-05-04T12:59:04","guid":{"rendered":"https:\/\/sienacamping.com\/kontakt\/"},"modified":"2021-05-04T12:59:05","modified_gmt":"2021-05-04T12:59:05","slug":"kontakt","status":"publish","type":"page","link":"https:\/\/sienacamping.com\/de\/kontakt\/","title":{"rendered":"Kontakt"},"content":{"rendered":"<section class=\"l-section wpb_row height_auto\"><div class=\"l-section-h i-cf\"><div class=\"g-cols vc_row type_default valign_top\"><div class=\"vc_col-sm-12 wpb_column vc_column_container\"><div class=\"vc_column-inner\"><div class=\"wpb_wrapper\"><div class=\"ult-spacer spacer-69e63d7f5b7b0\" data-id=\"69e63d7f5b7b0\" data-height=\"50\" data-height-mobile=\"50\" data-height-tab=\"50\" data-height-tab-portrait=\"\" data-height-mobile-landscape=\"\" style=\"clear:both;display:block;\"><\/div><div class=\"wpb_text_column\" ><div class=\"wpb_wrapper\"><h2 class=\"com-typo__lead-title mod-internal-heading__title mod-internal-heading__title--margin\">Kontakte Camping Village<\/h2>\n<\/div><\/div><div class=\"g-cols wpb_row  type_default valign_top vc_inner\"><div class=\"vc_col-sm-3 wpb_column vc_column_container\"><div class=\"vc_column-inner\"><div class=\"wpb_wrapper\"><div class=\"w-hwrapper us_custom_0db20381 align_left valign_top\"><div class=\"ult-spacer spacer-69e63d7f5bee5\" data-id=\"69e63d7f5bee5\" data-height=\"5\" data-height-mobile=\"5\" data-height-tab=\"5\" data-height-tab-portrait=\"\" data-height-mobile-landscape=\"\" style=\"clear:both;display:block;\"><\/div><\/div><\/div><\/div><\/div><div class=\"vc_col-sm-3 wpb_column vc_column_container\"><div class=\"vc_column-inner\"><div class=\"wpb_wrapper\"><\/div><\/div><\/div><div class=\"vc_col-sm-3 wpb_column vc_column_container\"><div class=\"vc_column-inner\"><div class=\"wpb_wrapper\"><\/div><\/div><\/div><div class=\"vc_col-sm-3 wpb_column vc_column_container\"><div class=\"vc_column-inner\"><div class=\"wpb_wrapper\"><\/div><\/div><\/div><\/div><div class=\"ult-spacer spacer-69e63d7f5bfe7\" data-id=\"69e63d7f5bfe7\" data-height=\"40\" data-height-mobile=\"40\" data-height-tab=\"40\" data-height-tab-portrait=\"\" data-height-mobile-landscape=\"\" style=\"clear:both;display:block;\"><\/div><\/div><\/div><\/div><\/div><\/div><\/section><!-- Row Backgrounds --><div class=\"upb_color\" data-bg-override=\"0\" data-bg-color=\"#e8e8e8\" data-fadeout=\"\" data-fadeout-percentage=\"30\" data-parallax-content=\"\" data-parallax-content-sense=\"30\" data-row-effect-mobile-disable=\"true\" data-img-parallax-mobile-disable=\"true\" data-rtl=\"false\"  data-custom-vc-row=\"\"  data-vc=\"6.6.0\"  data-is_old_vc=\"\"  data-theme-support=\"\"   data-overlay=\"false\" data-overlay-color=\"\" data-overlay-pattern=\"\" data-overlay-pattern-opacity=\"\" data-overlay-pattern-size=\"\"    ><\/div><section class=\"l-section wpb_row height_medium\"><div class=\"l-section-h i-cf\"><div class=\"g-cols vc_row type_default valign_top\"><div class=\"vc_col-sm-8 wpb_column vc_column_container\"><div class=\"vc_column-inner\"><div class=\"wpb_wrapper\"><div class=\"wpb_text_column\" ><div class=\"wpb_wrapper\"><p>Um uns zu kontaktieren und f\u00fcr ein unverbindliches pers\u00f6nliches Angebot, kannst du dieses Formular benutzen.<\/p>\n<\/div><\/div><div class=\"wpb_text_column\" ><div class=\"wpb_wrapper\"><div id=\"quform-57782b\" class=\"quform quform-4 quform-support-page-caching\"><form id=\"quform-form-57782b\" class=\"quform-form quform-form-4\" action=\"\/de\/wp-json\/wp\/v2\/pages\/1278#quform-57782b\" method=\"post\" enctype=\"multipart\/form-data\" novalidate=\"novalidate\" data-options=\"{&quot;id&quot;:4,&quot;uniqueId&quot;:&quot;57782b&quot;,&quot;theme&quot;:&quot;&quot;,&quot;ajax&quot;:true,&quot;logic&quot;:{&quot;logic&quot;:[],&quot;dependents&quot;:[],&quot;elementIds&quot;:[],&quot;dependentElementIds&quot;:[],&quot;animate&quot;:true},&quot;currentPageId&quot;:1,&quot;errorsIcon&quot;:&quot;&quot;,&quot;updateFancybox&quot;:true,&quot;hasPages&quot;:false,&quot;pages&quot;:[1],&quot;pageProgressType&quot;:&quot;numbers&quot;,&quot;tooltipsEnabled&quot;:true,&quot;tooltipClasses&quot;:&quot;qtip-quform-dark qtip-shadow&quot;,&quot;tooltipMy&quot;:&quot;left center&quot;,&quot;tooltipAt&quot;:&quot;right center&quot;,&quot;isRtl&quot;:false,&quot;scrollOffset&quot;:-50,&quot;scrollSpeed&quot;:800}\"><button class=\"quform-default-submit\" name=\"quform_submit\" type=\"submit\" value=\"submit\" aria-hidden=\"true\"><\/button><div class=\"quform-form-inner quform-form-inner-4\"><input type=\"hidden\" name=\"quform_form_id\" value=\"4\" \/><input type=\"hidden\" name=\"quform_form_uid\" value=\"57782b\" \/><input type=\"hidden\" name=\"quform_count\" value=\"1\" \/><input type=\"hidden\" name=\"form_url\" value=\"https:\/\/sienacamping.com\/de\/wp-json\/wp\/v2\/pages\/1278\" \/><input type=\"hidden\" name=\"referring_url\" value=\"\" \/><input type=\"hidden\" name=\"post_id\" value=\"\" \/><input type=\"hidden\" name=\"post_title\" value=\"\" \/><input type=\"hidden\" name=\"quform_current_page_id\" value=\"1\" \/><input type=\"hidden\" name=\"quform_csrf_token\" value=\"HTm3NOpJpSIKWZ7XsGSx3UcCyhXRKnRayUOGEk0I\" \/><div class=\"quform-elements quform-elements-4 quform-cf quform-responsive-elements-phone-landscape\"><div class=\"quform-element quform-element-page quform-page-1 quform-page-4_1 quform-cf quform-group-style-plain quform-first-page quform-last-page quform-current-page\"><div class=\"quform-child-elements\"><div class=\"quform-element quform-element-row quform-element-row-4_3 quform-2-columns quform-element-row-size-fixed quform-responsive-columns-phone-landscape\"><div class=\"quform-element quform-element-column quform-element-4_4\"><div class=\"quform-element quform-element-text quform-element-4_6 quform-cf quform-labels-inside quform-element-required\"><div class=\"quform-spacer\"><div class=\"quform-label quform-label-4_6\"><span class=\"quform-label-icon\"><i class=\"fa fa-user-circle-o\"><\/i><\/span><label class=\"quform-label-text\" for=\"quform_4_6_57782b\">Vorname<span class=\"quform-required\">*<\/span><\/label><\/div><div class=\"quform-inner quform-inner-text quform-inner-4_6\"><div class=\"quform-input quform-input-text quform-input-4_6 quform-cf\"><input type=\"text\" id=\"quform_4_6_57782b\" name=\"quform_4_6\" class=\"quform-field quform-field-text quform-field-4_6\" \/><\/div><\/div><\/div><\/div><div class=\"quform-element quform-element-text quform-element-4_7 quform-cf quform-labels-inside quform-element-required\"><div class=\"quform-spacer\"><div class=\"quform-label quform-label-4_7\"><span class=\"quform-label-icon\"><i class=\"fa fa-user-circle-o\"><\/i><\/span><label class=\"quform-label-text\" for=\"quform_4_7_57782b\">Nachname<span class=\"quform-required\">*<\/span><\/label><\/div><div class=\"quform-inner quform-inner-text quform-inner-4_7\"><div class=\"quform-input quform-input-text quform-input-4_7 quform-cf\"><input type=\"text\" id=\"quform_4_7_57782b\" name=\"quform_4_7\" class=\"quform-field quform-field-text quform-field-4_7\" \/><\/div><\/div><\/div><\/div><\/div><div class=\"quform-element quform-element-column quform-element-4_5\"><div class=\"quform-element quform-element-email quform-element-4_8 quform-cf quform-labels-inside quform-element-required\"><div class=\"quform-spacer\"><div class=\"quform-label quform-label-4_8\"><span class=\"quform-label-icon\"><i class=\"fa fa-envelope-o\"><\/i><\/span><label class=\"quform-label-text\" for=\"quform_4_8_57782b\">E-mail<span class=\"quform-required\">*<\/span><\/label><\/div><div class=\"quform-inner quform-inner-email quform-inner-4_8\"><div class=\"quform-input quform-input-email quform-input-4_8 quform-cf\"><input type=\"email\" id=\"quform_4_8_57782b\" name=\"quform_4_8\" class=\"quform-field quform-field-email quform-field-4_8\" \/><\/div><\/div><\/div><\/div><div class=\"quform-element quform-element-text quform-element-4_9 quform-cf quform-labels-inside quform-element-optional\"><div class=\"quform-spacer\"><div class=\"quform-label quform-label-4_9\"><span class=\"quform-label-icon\"><i class=\"fa fa-phone\"><\/i><\/span><label class=\"quform-label-text\" for=\"quform_4_9_57782b\">Telefon<\/label><\/div><div class=\"quform-inner quform-inner-text quform-inner-4_9\"><div class=\"quform-input quform-input-text quform-input-4_9 quform-cf\"><input type=\"text\" id=\"quform_4_9_57782b\" name=\"quform_4_9\" class=\"quform-field quform-field-text quform-field-4_9\" \/><\/div><\/div><\/div><\/div><\/div><\/div><div class=\"quform-element quform-element-textarea quform-element-4_10 quform-cf quform-labels-inside quform-element-optional\"><div class=\"quform-spacer\"><div class=\"quform-label quform-label-4_10\"><label class=\"quform-label-text\" for=\"quform_4_10_57782b\">Nachricht...<\/label><\/div><div class=\"quform-inner quform-inner-textarea quform-inner-4_10\"><div class=\"quform-input quform-input-textarea quform-input-4_10 quform-cf\"><textarea id=\"quform_4_10_57782b\" name=\"quform_4_10\" class=\"quform-field quform-field-textarea quform-field-4_10\"><\/textarea><\/div><\/div><\/div><\/div><div class=\"quform-element quform-element-checkbox quform-element-4_11 quform-cf quform-element-optional\"><div class=\"quform-spacer\"><div class=\"quform-label quform-label-4_11\"><label class=\"quform-label-text\" id=\"quform_4_11_57782b_label\">Newsletter<\/label><\/div><div class=\"quform-inner quform-inner-checkbox quform-inner-4_11\"><div class=\"quform-input quform-input-checkbox quform-input-4_11 quform-cf\"><div class=\"quform-options quform-cf quform-options-block quform-options-simple\" role=\"group\" aria-labelledby=\"quform_4_11_57782b_label\"><div class=\"quform-option\"><input type=\"checkbox\" name=\"quform_4_11[]\" id=\"quform_4_11_57782b_1\" class=\"quform-field quform-field-checkbox quform-field-4_11 quform-field-4_11_1\" value=\"akzeptieren\" \/><label for=\"quform_4_11_57782b_1\" class=\"quform-option-label quform-option-label-4_11_1\"><span class=\"quform-option-text\">akzeptieren<\/span><\/label><\/div><\/div><\/div><p class=\"quform-description quform-description-below\">Newsletter mit vielen aktuellen Informationen und Angeboten abonnieren!<\/p><\/div><\/div><\/div><div class=\"quform-element quform-element-checkbox quform-element-4_12 quform-cf quform-element-required\"><div class=\"quform-spacer\"><div class=\"quform-label quform-label-4_12\"><label class=\"quform-label-text\" id=\"quform_4_12_57782b_label\">Privacy<span class=\"quform-required\">*<\/span><\/label><\/div><div class=\"quform-inner quform-inner-checkbox quform-inner-4_12\"><div class=\"quform-input quform-input-checkbox quform-input-4_12 quform-cf\"><div class=\"quform-options quform-cf quform-options-block quform-options-simple\" role=\"group\" aria-labelledby=\"quform_4_12_57782b_label\"><div class=\"quform-option\"><input type=\"checkbox\" name=\"quform_4_12[]\" id=\"quform_4_12_57782b_1\" class=\"quform-field quform-field-checkbox quform-field-4_12 quform-field-4_12_1\" value=\"akzeptieren\" \/><label for=\"quform_4_12_57782b_1\" class=\"quform-option-label quform-option-label-4_12_1\"><span class=\"quform-option-text\">akzeptieren<\/span><\/label><\/div><\/div><\/div><p class=\"quform-description quform-description-below\">Ich erkl\u00e4re hiermit, gelesen und akzeptiert zu haben die <a href=\"#privacy\" id=\"_privacy\" class=\"open-privacy\">Informationen<\/a> zum Umgang mit pers\u00f6nlichen Daten.<\/p><\/div><\/div><\/div><div class=\"quform-element quform-element-recaptcha quform-element-4_13 quform-cf quform-element-required quform-recaptcha-no-size\"><div class=\"quform-spacer\"><div class=\"quform-inner quform-inner-recaptcha quform-inner-4_13\"><div class=\"quform-input quform-input-recaptcha quform-input-4_13 quform-cf\"><div class=\"quform-recaptcha\" data-config=\"{&quot;sitekey&quot;:&quot;6LcjnEArAAAAAOQJ_77-Amn7hWsL_I2vXoIVF39_&quot;,&quot;_version&quot;:&quot;v3&quot;,&quot;size&quot;:&quot;invisible&quot;,&quot;type&quot;:&quot;image&quot;,&quot;theme&quot;:&quot;light&quot;,&quot;badge&quot;:&quot;bottomright&quot;}\"><\/div><noscript>Please enable JavaScript to submit this form.<\/noscript><\/div><\/div><\/div><\/div><div class=\"quform-element quform-element-submit quform-element-4_2 quform-cf quform-button-style-theme\"><div class=\"quform-button-submit quform-button-submit-default quform-button-submit-4_2\"><button name=\"quform_submit\" type=\"submit\" class=\"quform-submit\" value=\"submit\"><span class=\"quform-button-text quform-button-submit-text\">Absenden<\/span><\/button><\/div><div class=\"quform-loading quform-loading-position-left quform-loading-type-spinner-1\"><div class=\"quform-loading-inner\"><div class=\"quform-loading-spinner\"><div class=\"quform-loading-spinner-inner\"><\/div><\/div><\/div><\/div><\/div><div class=\"quform-element-tree\"><label for=\"quform_4_0_57782b\">Dieses Feld sollte nicht ausgef\u00fcllt werden<\/label><input type=\"text\" id=\"quform_4_0_57782b\" name=\"quform_4_0\" class=\"quform-field quform-field-tree quform-field-4_0\" tabindex=\"-1\" autocomplete=\"off\" \/><\/div><\/div><\/div><\/div><\/div><\/form><\/div>\n<\/div><\/div><\/div><\/div><\/div><div class=\"vc_col-sm-4 wpb_column vc_column_container\"><div class=\"vc_column-inner\"><div class=\"wpb_wrapper\"><div class=\"w-image align_none\"><div class=\"w-image-h\"><img width=\"300\" height=\"169\" src=\"https:\/\/sienacamping.com\/wp-content\/uploads\/2021\/04\/siena-camping-media-panoramiche19-300x169.jpeg\" class=\"attachment-medium size-medium\" alt=\"\" loading=\"lazy\" srcset=\"https:\/\/sienacamping.com\/wp-content\/uploads\/2021\/04\/siena-camping-media-panoramiche19-300x169.jpeg 300w, https:\/\/sienacamping.com\/wp-content\/uploads\/2021\/04\/siena-camping-media-panoramiche19-1024x576.jpeg 1024w, https:\/\/sienacamping.com\/wp-content\/uploads\/2021\/04\/siena-camping-media-panoramiche19.jpeg 1280w\" sizes=\"(max-width: 300px) 100vw, 300px\" \/><\/div><\/div><div class=\"ult-spacer spacer-69e63d7f5e572\" data-id=\"69e63d7f5e572\" data-height=\"25\" data-height-mobile=\"25\" data-height-tab=\"25\" data-height-tab-portrait=\"\" data-height-mobile-landscape=\"\" style=\"clear:both;display:block;\"><\/div><div class=\"wpb_text_column\" ><div class=\"wpb_wrapper\"><div class=\"wpb_text_column\">\n<div class=\"wpb_wrapper\">\n<p><strong>Camping Siena Colleverde<\/strong><br \/>\nStrada di Scacciapensieri, 47<br \/>\n53100 &#8211; Siena<br \/>\nTel.:\u00a0<a class=\"nocursor nocursor--underlined\" href=\"tel:+39 0577.332545\" data-ctrl=\"mod-ga-event-telephone\" data-lin-parse=\"true\">+39 0577.332545<\/a>\u00a0&#8211;\u00a0<a class=\"nocursor nocursor--underlined\" href=\"tel:+39 0577.334080\">+39 0577.334080<\/a><br \/>\nFax: +39 0577.334005<br \/>\nEmail: info@sienacamping.com<\/p>\n<\/div>\n<\/div>\n<\/div><\/div><\/div><\/div><\/div><\/div><\/div><\/section>\n","protected":false},"excerpt":{"rendered":"Kontakte Camping Village Um uns zu kontaktieren und f\u00fcr ein unverbindliches pers\u00f6nliches Angebot, kannst du dieses Formular benutzen. Vorname*Nachname*E-mail*TelefonNachricht...NewsletterakzeptierenNewsletter mit vielen aktuellen Informationen und Angeboten abonnieren!Privacy*akzeptierenIch erkl\u00e4re hiermit, gelesen und akzeptiert zu haben die Informationen zum Umgang mit pers\u00f6nlichen Daten.Please enable JavaScript to submit this form.AbsendenDieses Feld sollte nicht ausgef\u00fcllt werden Camping Siena Colleverde Strada...","protected":false},"author":1,"featured_media":0,"parent":0,"menu_order":0,"comment_status":"closed","ping_status":"closed","template":"","meta":[],"yoast_head":"<!-- This site is optimized with the Yoast SEO plugin v16.2 - https:\/\/yoast.com\/wordpress\/plugins\/seo\/ -->\n<title>Kontakt - Siena Camping Colleverde, Campingplatz mit Pool, Feriendorf Toskana<\/title>\n<meta name=\"description\" content=\"Kontakt f\u00fcr den Campingplatz Colleverde von Siena, Toskana. Campingplatz mit Pool, direkt an der Chianti-Region gelegen. Haustiere sind erlaubt.\" \/>\n<meta name=\"robots\" content=\"index, follow, max-snippet:-1, max-image-preview:large, max-video-preview:-1\" \/>\n<link rel=\"canonical\" href=\"https:\/\/sienacamping.com\/de\/kontakt\/\" \/>\n<meta property=\"og:locale\" content=\"de_DE\" \/>\n<meta property=\"og:type\" content=\"article\" \/>\n<meta property=\"og:title\" content=\"Kontakt - Siena Camping Colleverde, Campingplatz mit Pool, Feriendorf Toskana\" \/>\n<meta property=\"og:description\" content=\"Kontakt f\u00fcr den Campingplatz Colleverde von Siena, Toskana. Campingplatz mit Pool, direkt an der Chianti-Region gelegen. Haustiere sind erlaubt.\" \/>\n<meta property=\"og:url\" content=\"https:\/\/sienacamping.com\/de\/kontakt\/\" \/>\n<meta property=\"og:site_name\" content=\"Siena Camping\" \/>\n<meta property=\"article:modified_time\" content=\"2021-05-04T12:59:05+00:00\" \/>\n<meta name=\"twitter:card\" content=\"summary_large_image\" \/>\n<meta name=\"twitter:label1\" content=\"Gesch\u00e4tzte Lesezeit\">\n\t<meta name=\"twitter:data1\" content=\"1\u00a0Minute\">\n<script type=\"application\/ld+json\" class=\"yoast-schema-graph\">{\"@context\":\"https:\/\/schema.org\",\"@graph\":[{\"@type\":\"WebSite\",\"@id\":\"https:\/\/sienacamping.com\/#website\",\"url\":\"https:\/\/sienacamping.com\/\",\"name\":\"Siena Camping\",\"description\":\"\",\"potentialAction\":[{\"@type\":\"SearchAction\",\"target\":\"https:\/\/sienacamping.com\/?s={search_term_string}\",\"query-input\":\"required name=search_term_string\"}],\"inLanguage\":\"de\"},{\"@type\":\"WebPage\",\"@id\":\"https:\/\/sienacamping.com\/de\/kontakt\/#webpage\",\"url\":\"https:\/\/sienacamping.com\/de\/kontakt\/\",\"name\":\"Kontakt - Siena Camping Colleverde, Campingplatz mit Pool, Feriendorf Toskana\",\"isPartOf\":{\"@id\":\"https:\/\/sienacamping.com\/#website\"},\"datePublished\":\"2021-05-04T12:59:04+00:00\",\"dateModified\":\"2021-05-04T12:59:05+00:00\",\"description\":\"Kontakt f\\u00fcr den Campingplatz Colleverde von Siena, Toskana. Campingplatz mit Pool, direkt an der Chianti-Region gelegen. Haustiere sind erlaubt.\",\"breadcrumb\":{\"@id\":\"https:\/\/sienacamping.com\/de\/kontakt\/#breadcrumb\"},\"inLanguage\":\"de\",\"potentialAction\":[{\"@type\":\"ReadAction\",\"target\":[\"https:\/\/sienacamping.com\/de\/kontakt\/\"]}]},{\"@type\":\"BreadcrumbList\",\"@id\":\"https:\/\/sienacamping.com\/de\/kontakt\/#breadcrumb\",\"itemListElement\":[{\"@type\":\"ListItem\",\"position\":1,\"item\":{\"@type\":\"WebPage\",\"@id\":\"https:\/\/sienacamping.com\/de\/\",\"url\":\"https:\/\/sienacamping.com\/de\/\",\"name\":\"Home\"}},{\"@type\":\"ListItem\",\"position\":2,\"item\":{\"@id\":\"https:\/\/sienacamping.com\/de\/kontakt\/#webpage\"}}]}]}<\/script>\n<!-- \/ Yoast SEO plugin. -->","_links":{"self":[{"href":"https:\/\/sienacamping.com\/de\/wp-json\/wp\/v2\/pages\/1278"}],"collection":[{"href":"https:\/\/sienacamping.com\/de\/wp-json\/wp\/v2\/pages"}],"about":[{"href":"https:\/\/sienacamping.com\/de\/wp-json\/wp\/v2\/types\/page"}],"author":[{"embeddable":true,"href":"https:\/\/sienacamping.com\/de\/wp-json\/wp\/v2\/users\/1"}],"replies":[{"embeddable":true,"href":"https:\/\/sienacamping.com\/de\/wp-json\/wp\/v2\/comments?post=1278"}],"version-history":[{"count":2,"href":"https:\/\/sienacamping.com\/de\/wp-json\/wp\/v2\/pages\/1278\/revisions"}],"predecessor-version":[{"id":1280,"href":"https:\/\/sienacamping.com\/de\/wp-json\/wp\/v2\/pages\/1278\/revisions\/1280"}],"wp:attachment":[{"href":"https:\/\/sienacamping.com\/de\/wp-json\/wp\/v2\/media?parent=1278"}],"curies":[{"name":"wp","href":"https:\/\/api.w.org\/{rel}","templated":true}]}}